{"id":279,"date":"2013-06-07T15:55:04","date_gmt":"2013-06-07T14:55:04","guid":{"rendered":"http:\/\/www.ressources.univ-rennes2.fr\/cultures-numeriques-dans-l-enseignement\/veille\/?page_id=279"},"modified":"2013-08-14T18:24:45","modified_gmt":"2013-08-14T17:24:45","slug":"5-2-4-les-alertes-sur-les-bases-de-donnees","status":"publish","type":"page","link":"http:\/\/www.ressources.univ-rennes2.fr\/cultures-numeriques-dans-l-enseignement\/veille\/5-les-outils\/les-alertese\/5-2-4-les-alertes-sur-les-bases-de-donnees\/","title":{"rendered":"5.2.4 Les alertes sur les bases de donn\u00e9es"},"content":{"rendered":"<p>Les bases de donn\u00e9es (ERIC), les portails de revues (<a href=\"http:\/\/www.cairn.info\/\" target=\"_blank\">Cairn<\/a>, <a href=\"http:\/\/www.revues.org\/\" target=\"_blank\">Revue.org<\/a>&#8230;) ou de blogs (<a href=\"http:\/\/hypotheses.org\/\" target=\"_blank\">Hypoth\u00e8ses<\/a>)\u00a0 proposent souvent la possibilit\u00e9 de mettre en place des alertes permettant d&rsquo;\u00eatre pr\u00e9venu, d\u00e8s qu&rsquo;un nouveau contenu r\u00e9pond \u00e0 une requ\u00eates sp\u00e9cifique.<\/p>\n<p>Ce type d&rsquo;alertes n\u00e9cessite la plupart du temps de cr\u00e9er un compte sur le service utilis\u00e9 et de r\u00e9diger la requ\u00eate (mots cl\u00e9s, champ de recherche\u2026), en respectant les r\u00e8gles d\u2019interrogation de la base.<\/p>\n<p>Exemple d&rsquo;alerte portant sur la \u00ab\u00a0sociologie des usages\u00a0\u00bb\u00a0 sur le portail <a href=\"http:\/\/www.revues.org\/\" target=\"_blank\">Revues.org<\/a>. Le titre de l&rsquo;alerte est indiqu\u00e9 ainsi qu&rsquo;une p\u00e9riodicit\u00e9 et un nombre de r\u00e9sultats maximum par notification.<\/p>\n<p><img decoding=\"async\" class=\"aligncenter\" alt=\"\" src=\"data:image\/png;base64,iVBORw0KGgoAAAANSUhEUgAAAgcAAAE7CAIAAADGk7UnAAASuElEQVR4nO3dMY\/cRpoGYP2n+U\/ONzCUaKBsAu95bhOvMdAC0goCbMMWMIAlrXcNOPECNrDRJV6cfckld4mDA\/YH9AUDd1HNYvEjWWQ3yecBYfRUF4sf2WS95Ixn9OgAAL95dO4CALggUgGARCoAkEgFABKpAEAiFQBIpAIAiVQAIJEKACRSAYBEKgCQSAWAwZ5+9dPTr346dxWziKbCwyFoL813s2sVVo+P39WtsPq4tdo7NbrmwjHp3crEA9t1sg49vJHR4o0jtljrtKk7Wvl0KhyQiTs7dwGRwxU\/MweN1u5W2Ivs5gbtWraqyBaDR2DQLvQWP\/G8HXFkhqVC+d3sgehaPXJClwuItAQ3FGwcVHPwvJ94YIPFdPUZ+in0brF3wPK1tHDBdU\/C0fNIsLy5C+itp\/1u5MysNWzFCyHbbehEUT6TBxU2\/cQI1hxULRWyfSqer9OvmWAl8cYR5\/exMT5I115Equ3tU3eSjQw4\/YSuO81VPAmrnDDlxlkLiNTTfLernonDdu1FcHPBfRx3LUQOZmEXugqbfmIMbSyrmQrtbrNeMJFuo1esUnO7T7tx4oEtV1t3j3oHjFxXkTJmKnjuk3CO8Qft7AKHq\/luttu4k\/DkrcLsP9+FcAgcq\/hHMGgumnhijGgsq\/ZzhWwFhUOcnUEK40d2rHBQTgaMrzil5kPHedZuHH1gy7swdDfLxfQOWP4yXkahcdBHUHe03iPctXr8s46UN18BwdGO73YVWaiwvBfZC2To5kZfCCft8bM0vgujD3VwqELNwQ\/9QeVnhUPryBYqGzR+19UbGaT3cMSP5qCaT7plP+aJBzZYTKFPvJjeActfxss4aRz9EdQdLT4jdDVGxp+ys3U\/31pnZnDY3nMpuLnRF0J75KGDj7scgsP2TmLjas6qnwrNzl2HuMoFOW6OGDolTam52a3rhJt4YIPFFPqMnjXaJQWPz2IfQd3R5p6Up+9s3c+31pkZHLY89y1wIRwCxyryCRZ2oWvdiSdG+a0RF\/V5UqHdMuKMr9USbxxUc6HnoJkiW0Cti2Hop1AYc9wxLLfXLXjuk7B3FwZd\/CNaJhbQW8\/Ju9nOVWbk7JfBzQX3cdzJMOgTjJ9d00+M0TVnzZIKx\/4Vz9fp10xhK\/GjOegij5Qx8cCWq+3tM2WS7S0pssVy+wLTXMWTcPoJ03sEZi0gUk\/z3Wz\/ESdhpLHuhZDtNvHqmHLwp58YQxvLKv+0uaua3rmgPH5XGYXyelfpKrXcGK85+DFPPLC91bb7xA\/voOu8d39rnfqH4adN3dHKZ1pho72fdfDjnqmA8m6OPjMjfSKVTxmqXEzhOMQvhCkHv+6JUd6FyL74ixfArg0Kkj2QCsCuSYUTUgHYu+C3VnZCKgCQSAUAEqkAQCIVAEikAgCJVAAgkQoAJFIBgEQqAJBIBQASqQBAIhUASKQCAIlUACCRCgAkUgGARCoAkEgFABKpAEAiFQBIpAIAiVQAIJEKACRSAYBEKgCQSAUAEqkAQCIVAEikAgCJVAAgkQoAJFIBgEQqAJBIBQASqQBAMjUVrq6uqtRRUZWShg5S6D\/fITrLnlYvALgooVS4et+hMR20X5zd9JLGrdi11iZToXkaXM5HD0wXTYXety5naricSh5sMhUOjXuF6TUAl2NkKpyEQfZJotmnPX2U55T2uyebKDe2y273zK5Sq9qTdwf1jB+37O5nVyyMHB+kq9SuPsAaDf4O0rGl68Wxf7a93di76eA48dqmNAarHd04qJJBuzB9kOBeAKtW51nh0D2PXL3vpL2wxa4c6t3oxFSoUu3JuxN7Dp3Qg0dv6CDAHiyRCoNG7lp9sVSoUm22Q7xnpENX\/6EjjzgOwIZVS4VD44a6Pe+0b13LN6GFVbpuqCO1BVefXu3JuyN69pbXHrm8C9mRBw0C7MFqfostMo2OHgeAB1IBgGQ1qQDAAvpT4T\/++\/8sFsvFLgtME+xKfyr8ClywBaYJdkUqwLotME2wK1IB1m2BaYJdkQqwbgtME+yKVIB1W2CaYFekAqzbAtMEuyIVYN0WmCbYFakA67bANMGu7CsVHj9+vMYtLl923OPHjy+5vLWYcgwXmCbYlfGpsMa5QCrUdbGFRYwrfqZdlgpcjpGp8HASr25SkAp1XWxhEVIBsqqlQuH18ZsM2T6PG4ZeD0NX6Sps6Ajt4k\/6NHe5t0\/vyPFB4nvR3vrQodpVDdqpKQV3nUi\/hk+JePEng\/eu1dXYW0959cKYC0wT7MqYVChck4XGQSsGVek\/Yipsrzh9l7tGHjRIcBcKLVPmsmyRVY55ZLsTJ+LsgMHGrg4jihkx5gLTBLsyMhWyN029Z3P1VBgqe0c2\/Z5uxIQePIBDB4nvRe+OBMcpD9LekVoFt1+PGDM+YFdjdo\/G7eDoMReYJtiVnT4rjN5o74pDdzkycpVJsLDF0UMNOhpTPuiTtS4nFYLjx4sZMeYC0wS7MjgV2udl9jan+e7JzWO7pXzSD71Igv2z1Q7dYu8uF6aewnEYPUhwF9qrzHQ0am0lUvDQk+E4yKCtdK1VHidSSWGj5TEXmCbYlX39vgJszwLTBLsiFWDdFpgm2BWpAOu2wDTBrkgFWLcFpgl2RSrAui0wTbAr1VJhxP8B0h5h+iCwNwtME+zKQqnQO93LAxhngWmCXZEKsG4LTBPsytS\/eNFsbHfo6j+0w3H843+bHbK\/4xNvhFVbYJpgV2b5ixfld3tX7+owcTRhwCYtME2wK3P9HaT2vX\/23Yqx8WsrQrIPHLKBjVlgmmBX6qfCoDm9PGZkhBGPBYKBLVlgmmBX5v25Qtd9evlZodmha\/zI6\/YmPCuwPQtME+zK1GcF4LwWmCbYFakA67bANMGu+IsXsG4LTBPsilSAdVtgmmBXpAKs2wLTBLsiFWDdFpgm2BWpAOu2wDTBrkgFWLcFpgl2pT8VANgPqQBAIhUASKQCAIlUACCRCgAkUgGARCoAkEgFABKpAEAiFQBIpAIAiVQAIJEKACRSAYBEKgCQSAUAEqkAQCIVAEikAgCJVAAgkQoAJFIBgORSUuHq6mpoz\/Iq8QEBOOpPhaucQ3h2DjpjKsgPgKMBzwpds6dUANiM8alwfGJoP0A0J+7jW11jtvuU18q2Zwfpfbf9ABSsuestgLWbmgqH3PybbS8POG6twrvlASN1zvpsBHCZ6qdC83X2UaCr84i1stuKDDi6ZoBtmzcV4gNmR4uU0TtOPJAiWw\/2AVipCqlwaHxDpt2nfN+d7VD3WaH33Wb9wZqz7QAbcCm\/rwDAJZAKACRSAYBkTCo8\/eoni8VyXKpflnBGI1Oheh2wUi4HNkYqwCQuBzZGKsAkLgc2RirAJC4HNkYqwCQuBzbm0lPhgw8+2NiGqltv5dsgFdiY86dCeVIbMeWNmyXXOLc+1Nz8L8uTCmzM+VOhzLNC2Qe\/OXch+yUV2JjKqdCepLLTVrOx3Dk+1LG9d5Xy6pGa24MECw7uQrCGDzwrXACpwMbUTIX2xJSdLtszXaRz71DBVQaV11Xz0HEKq0yvQR6cl1RgY2Z5Vmh+2X69ZCpkb8N7yyvcvHftddfr3seCWjVwLlKBjZnl5wqD7nmXeVYo1xlfK54uQ6udWAPnIhXYmMrfQSrcHXc1tu+Fy7feQ+++s2uVO2THLN+nB1cJbm5cDZyFVGBjLv3\/QYrbwHS5gV3Yocu8HGC01afCBu6gN7ALe3ZRlwNMt\/pUgPNyObAxUgEmcTmwMVIBJnE5sDH+hU6LZepS\/bKEMxqTCgBslVQAIJEKACRSAYBEKgCQSAUAEqkAQCIVAEikAgCJVAAgkQoAJFIBgEQqAJBIBQASqQBAIhUASKQCAIlUACCRCgAkUgGARCoAkEgFABKpAEAiFQBIKqTC1dXV2UcAoIpQKlw1tN8qrBUsQioAXIhoKmRf1yIVAC7EpFRoP0A8vG7+t6vnoeMRpOuhJFsAAHWNT4WuxnaHQatnN9pVDAB1jf+5wtX7jo3NDiMaCz\/DAGBug58V4o0To2JQMQBUMT4VDrlniPhPILKrdzVGigFgOr\/FBkAiFQBIpAIASX8qvPrrU8sCy\/yfNUC\/UCrMX8beOcjAhZAKFXz\/4ze3d9eR5fsfv8mO4CADF0IqVHB7d\/2Pf\/4tstzeXWdHcJCBC7F0Kjx61LPF3g5zFzDCQyq8+\/ufy4tUAC5fhVQ4mWfL0+6Fp8K4rT+kwsuvP3759ceHw+HhxXE5tkgF4PJJhQpu767f\/fDy1ZuPji2v3vz+1ZuP3m\/56N0PL6UCcOHmTYVHv2m3tNcqdO7qVh5q3PjNF80v22MePaTC8\/ubF\/c3x8bnjdcv7m+e399IBeDy1UmFE8f2Zp\/5Gg8dTwC9axV69u5I0+3d9Zff3r24v3nxfjA8OLZ\/+e2dVAAu3IzPCotFRft1ZKPlnl3dIqnw4v2nBKkArMi8qVDuPEcq1GrsfT5oekiFZ6+f\/On1k2evnzy8OBwOzxpfPnv9RCoAl2+hnytkHyBO1mq3Z1sirwtDjXhWKJT94Pbu+vn9zSefffjHz3\/3yWcfNl80v3x+fyMVgAvnt9gquL27\/vSL62YMZJdPv7iWCsCFkwoVvP3u8+BfvHj73efZERxk4EJIhYvgIAMXwl\/SvpRl\/s8aoJ9\/dQeARCoAkEgFABKpAEAiFQBIpAIAiVQAIJEKACRSAYBEKgCQSAUAEqkAQCIVAEikAgCJVAAgkQoAJFIBgEQqAJBIBQASqQBAIhUASKQCAIlUACCpkwpXV1cLrMKDq6srRw+YSSgVrhqy747Y8HGt3tV3OwM2dzx7uAYdmdErArsSTYXs6ymkQq+KGTxlRWBXpqZC9hnipLFwz9t+Cun6sqtDdrsng5cLHpR5XY9NXcO2BwyO0N6Xrsby6oXRCpUXDnLwQAErNek7SNn5NDsPFrp1zS\/ZDuXJaNBcH5nB45vIlh3cbt3GQj1TGgt7AWzJsGeFrtvb7M1me\/XsUIUxCx3KdZZf9yZcQXzYQUVWT4VyPdNTAdiqSd9BCt65x1MhfiMcvw2Pb2voPfK4+\/cFUmGOTRT2AtiSwalwaM0a7XvS7J14+da1vXq2Q3bwrsLiBbd7FjYxYgeDRXYN21VYYfXew1jYbtfrrr0AtsRvsQ1jNgS2TSoMIxWAbZMKACT9qfDqr093tcx\/zAEuVygV5i\/jUuxqZwHaNpUK3\/\/4ze3ddWT5\/sdvsiOsaGcB5rCpVLi9u\/7HP\/8WWW7vrrMjrGhnAeawwVR49\/c\/lxepANDlDKnw6NHpRh\/9ZuLID6nw8uuPX3798eFweHhxXI4tUgGgy6KpkJ39m19ODIbbu+t3P7x89eajY8urN79\/9eaj91s+evfDS6kAkHX+Z4XqqfD8\/ubF\/c2x8Xnj9Yv7m+f3N1IBoMvWUuHLb+9e3N+8eD8YHhzbv\/z2TioAZG05FV68\/5QgFQB6bTAVnr1+8qfXT569fvLw4nA4PGt8+ez1E6kA0OU8P20++Zlzxf8H6fn9zSefffjHz3\/3yWcfNl80v3x+fyMVALK29vsKn35x3YyB7PLpF9dSASBrU6nw9rvPg3\/x4u13n2dHWNHOAsxhU6kw3a52FqDNX9L2l7QBEv\/qDgCJVAAgkQoAJFIBgEQqAJBIBQASqQBAIhUASKQCAIlUACDpT4X\/AqhtgdmNcTwrAJBIBQASqQBAIhUASKQCAIlUACCRCgAkUgGARCoAkEgFAJIxqfCf\/\/OvP\/zll6df\/WSxFJY\/\/OWXn\/\/3X9VPWWBWY1Lh9q1IsISWf3\/3S\/VTFpjVmFQ4+1xjWdFS\/ZQFZiUVLPMu1U9ZYFZSwTLvUv2UBWYlFSzzLtVPWWBWUsEy71L9lAVmNWMqZNc6Wb3Znt1EpD3Y2DVJDd165GhEhmpXMqi28uaOjZFPpLcxXolUgLWbPRXKjYf3p6Hy695Bsm8dcoFU7hbfeqRDoWdh7i4fximpEN+dEZUUagNW4TypcChOml2vI9PTyVtdPQvdBm09Xl6wkhFz8bFD74pDd2doJYXygLU4z3eQji2H9+ej9ia6Bukqo\/1WtuzIVspbLxyNbHt5EyNqG50K8d0ZWolUgA04w7NCdrI+vj5Zq2uQZufe\/r3DTtn6oFSIdA7uUe9k3Tty7+4MrUQqwAacLRVOOkRe966Y\/XJQKkzcerbDrKkQ3JFaBzP+6UsFWKnL+n+Q2hNQ16a7Bi\/0jM+85a2X1+3aaHlHemvL7kUkFZorDt2dQZVIBdgGv69gmXepfsoCs5IKlnmX6qcsMCupYJl3qX7KArMakwofv\/357HONZRXL7Vv\/vgKszMh\/i+3f3ggGS8\/y8duf\/VtssDr+3WYAEqkAQCIVAEikAgCJVAAgkQoAJFIBgEQqAJBIBQASqQBA8v9UE4tcUT0XwgAAAABJRU5ErkJggg==\" \/><\/p>\n<p>&nbsp;<\/p>\n","protected":false},"excerpt":{"rendered":"<p>Les bases de donn\u00e9es (ERIC), les portails de revues (Cairn, Revue.org&#8230;) ou de blogs (Hypoth\u00e8ses)\u00a0 proposent souvent la possibilit\u00e9 de mettre en place des alertes permettant d&rsquo;\u00eatre pr\u00e9venu, d\u00e8s qu&rsquo;un nouveau contenu r\u00e9pond \u00e0 une requ\u00eates sp\u00e9cifique. Ce type d&rsquo;alertes n\u00e9cessite la plupart du temps de cr\u00e9er un compte sur le service utilis\u00e9 et de [&hellip;]<\/p>\n","protected":false},"author":7,"featured_media":0,"parent":75,"menu_order":0,"comment_status":"open","ping_status":"open","template":"","meta":{"_acf_changed":false,"footnotes":""},"class_list":["post-279","page","type-page","status-publish","hentry"],"acf":[],"_links":{"self":[{"href":"http:\/\/www.ressources.univ-rennes2.fr\/cultures-numeriques-dans-l-enseignement\/veille\/wp-json\/wp\/v2\/pages\/279","targetHints":{"allow":["GET"]}}],"collection":[{"href":"http:\/\/www.ressources.univ-rennes2.fr\/cultures-numeriques-dans-l-enseignement\/veille\/wp-json\/wp\/v2\/pages"}],"about":[{"href":"http:\/\/www.ressources.univ-rennes2.fr\/cultures-numeriques-dans-l-enseignement\/veille\/wp-json\/wp\/v2\/types\/page"}],"author":[{"embeddable":true,"href":"http:\/\/www.ressources.univ-rennes2.fr\/cultures-numeriques-dans-l-enseignement\/veille\/wp-json\/wp\/v2\/users\/7"}],"replies":[{"embeddable":true,"href":"http:\/\/www.ressources.univ-rennes2.fr\/cultures-numeriques-dans-l-enseignement\/veille\/wp-json\/wp\/v2\/comments?post=279"}],"version-history":[{"count":10,"href":"http:\/\/www.ressources.univ-rennes2.fr\/cultures-numeriques-dans-l-enseignement\/veille\/wp-json\/wp\/v2\/pages\/279\/revisions"}],"predecessor-version":[{"id":282,"href":"http:\/\/www.ressources.univ-rennes2.fr\/cultures-numeriques-dans-l-enseignement\/veille\/wp-json\/wp\/v2\/pages\/279\/revisions\/282"}],"up":[{"embeddable":true,"href":"http:\/\/www.ressources.univ-rennes2.fr\/cultures-numeriques-dans-l-enseignement\/veille\/wp-json\/wp\/v2\/pages\/75"}],"wp:attachment":[{"href":"http:\/\/www.ressources.univ-rennes2.fr\/cultures-numeriques-dans-l-enseignement\/veille\/wp-json\/wp\/v2\/media?parent=279"}],"curies":[{"name":"wp","href":"https:\/\/api.w.org\/{rel}","templated":true}]}}