{"id":29,"date":"2013-02-20T15:17:46","date_gmt":"2013-02-20T14:17:46","guid":{"rendered":"http:\/\/www.ressources.univ-rennes2.fr\/cultures-numeriques-dans-l-enseignement\/veille\/?page_id=29"},"modified":"2013-08-14T13:42:57","modified_gmt":"2013-08-14T12:42:57","slug":"2-2-2-la-veille-juridique","status":"publish","type":"page","link":"http:\/\/www.ressources.univ-rennes2.fr\/cultures-numeriques-dans-l-enseignement\/veille\/2-la-veille-en-contexte-educatif\/2-2-differents-types-de-veilles\/2-2-2-la-veille-juridique\/","title":{"rendered":"2.2.2. La veille juridique de l&rsquo;enseignant"},"content":{"rendered":"<p><strong>Agir en fonctionnaire responsable<\/strong><\/p>\n<p>L&rsquo;enseignant doit agir en fonctionnaire responsable dans le cadre de l&rsquo;exercice de sa profession, que ce soit dans l&rsquo;encadrement d&rsquo;activit\u00e9s en classe ou dans le champ d&rsquo;activit\u00e9s p\u00e9ri-\u00e9ducatives qui ont lieu \u00e0 l&rsquo;ext\u00e9rieur de l&rsquo;\u00e9tablissement. Il a en effet obligation \u00ab\u00a0de surveillance de ses \u00e9l\u00e8ves\u00a0\u00bb de par ses fonctions. Il doit donc conna\u00eetre les textes de loi qui s&rsquo;appliquent dans l&rsquo;exercice de son m\u00e9tier et savoir se r\u00e9f\u00e9rer aux sources juridiques accessibles sur les portails de l&rsquo;administration.<\/p>\n<p>L&rsquo;enseignant doit constamment \u00e9valuer les facteurs qui engagent sa responsabilit\u00e9 dans un contexte o\u00f9 il est sollicit\u00e9 pour organiser de nouveaux parcours de formation, favorisant le travail collaboratif entre \u00e9l\u00e8ves, l&rsquo;usage de ressources situ\u00e9es hors de l&rsquo;\u00e9tablissement ou le recours \u00e0 des services num\u00e9riques de communication et de publication en ligne comme les r\u00e9seaux sociaux (voir les t\u00e9moignages, les ressources et les \u00e9valuations en ligne sur le site de l&rsquo;<a title=\"Agence nationale des Tice\" href=\"http:\/\/www.cndp.fr\/agence-usages-tice\/index.htm\" target=\"_blank\">Agence nationale des Tice<\/a> du CNDP).<\/p>\n<p>&nbsp;<\/p>\n<p><strong>Les sp\u00e9cificit\u00e9s des usages des outils et services num\u00e9riques<\/strong><\/p>\n<p>Une mention sp\u00e9ciale doit \u00eatre accord\u00e9e \u00e0 l&rsquo;usage de ces services num\u00e9riques qui engagent la responsabilit\u00e9 juridique de l&rsquo;enseignant dans ce double p\u00e9rim\u00e8tre \u00ab\u00a0dans et hors\u00a0\u00bb la classe. A ce titre, la <a title=\"Eduscol : charte\" href=\"http:\/\/eduscol.education.fr\/internet-responsable\/les-tic-et-lecole\/mettre-en-place-un-cadre-reglementaire\/elaborer-une-charte-utilisateur.html\" target=\"_blank\">charte d&rsquo;Internet de l&rsquo;\u00e9tablissement<\/a> constitue l&rsquo;instrument de r\u00e9f\u00e9rence commun \u00e0 l&rsquo;\u00e9quipe \u00e9ducative. Mais l&rsquo;apparition de services num\u00e9riques li\u00e9s aux t\u00e9l\u00e9phones portables vient rappeler les limites de r\u00e8gles comme le filtrage obligatoire des contenus accessibles via Internet, qui peuvent \u00eatre d\u00e9sormais ais\u00e9ment contourn\u00e9es par les \u00e9l\u00e8ves.<\/p>\n<p>&nbsp;<\/p>\n<p><em>Voir le rapport du CSA intitul\u00e9 \u00ab\u00a0La protection des mineurs \u00e0 l&rsquo;heure de la convergence des m\u00e9dias audiovisuels et d&rsquo;internet\u00a0\u00bb, mars 2012, disponible sur le site de la Documentation fran\u00e7aise <a title=\"la Documentation fran\u00e7aise\" href=\"http:\/\/www.ladocumentationfrancaise.fr\/rapports-publics\/124000160\/index.shtml\" target=\"_blank\">http:\/\/www.ladocumentationfrancaise.fr\/rapports-publics\/124000160\/index.shtml<\/a><\/em><\/p>\n","protected":false},"excerpt":{"rendered":"<p>Agir en fonctionnaire responsable L&rsquo;enseignant doit agir en fonctionnaire responsable dans le cadre de l&rsquo;exercice de sa profession, que ce soit dans l&rsquo;encadrement d&rsquo;activit\u00e9s en classe ou dans le champ d&rsquo;activit\u00e9s p\u00e9ri-\u00e9ducatives qui ont lieu \u00e0 l&rsquo;ext\u00e9rieur de l&rsquo;\u00e9tablissement. Il a en effet obligation \u00ab\u00a0de surveillance de ses \u00e9l\u00e8ves\u00a0\u00bb de par ses fonctions. Il doit [&hellip;]<\/p>\n","protected":false},"author":9,"featured_media":0,"parent":25,"menu_order":0,"comment_status":"open","ping_status":"open","template":"","meta":{"_acf_changed":false,"footnotes":""},"class_list":["post-29","page","type-page","status-publish","hentry"],"acf":[],"_links":{"self":[{"href":"http:\/\/www.ressources.univ-rennes2.fr\/cultures-numeriques-dans-l-enseignement\/veille\/wp-json\/wp\/v2\/pages\/29","targetHints":{"allow":["GET"]}}],"collection":[{"href":"http:\/\/www.ressources.univ-rennes2.fr\/cultures-numeriques-dans-l-enseignement\/veille\/wp-json\/wp\/v2\/pages"}],"about":[{"href":"http:\/\/www.ressources.univ-rennes2.fr\/cultures-numeriques-dans-l-enseignement\/veille\/wp-json\/wp\/v2\/types\/page"}],"author":[{"embeddable":true,"href":"http:\/\/www.ressources.univ-rennes2.fr\/cultures-numeriques-dans-l-enseignement\/veille\/wp-json\/wp\/v2\/users\/9"}],"replies":[{"embeddable":true,"href":"http:\/\/www.ressources.univ-rennes2.fr\/cultures-numeriques-dans-l-enseignement\/veille\/wp-json\/wp\/v2\/comments?post=29"}],"version-history":[{"count":24,"href":"http:\/\/www.ressources.univ-rennes2.fr\/cultures-numeriques-dans-l-enseignement\/veille\/wp-json\/wp\/v2\/pages\/29\/revisions"}],"predecessor-version":[{"id":731,"href":"http:\/\/www.ressources.univ-rennes2.fr\/cultures-numeriques-dans-l-enseignement\/veille\/wp-json\/wp\/v2\/pages\/29\/revisions\/731"}],"up":[{"embeddable":true,"href":"http:\/\/www.ressources.univ-rennes2.fr\/cultures-numeriques-dans-l-enseignement\/veille\/wp-json\/wp\/v2\/pages\/25"}],"wp:attachment":[{"href":"http:\/\/www.ressources.univ-rennes2.fr\/cultures-numeriques-dans-l-enseignement\/veille\/wp-json\/wp\/v2\/media?parent=29"}],"curies":[{"name":"wp","href":"https:\/\/api.w.org\/{rel}","templated":true}]}}