{"id":31,"date":"2013-02-20T15:18:00","date_gmt":"2013-02-20T14:18:00","guid":{"rendered":"http:\/\/www.ressources.univ-rennes2.fr\/cultures-numeriques-dans-l-enseignement\/veille\/?page_id=31"},"modified":"2013-08-14T13:45:23","modified_gmt":"2013-08-14T12:45:23","slug":"2-2-3-la-veille-scientifique-et-didactique","status":"publish","type":"page","link":"http:\/\/www.ressources.univ-rennes2.fr\/cultures-numeriques-dans-l-enseignement\/veille\/2-la-veille-en-contexte-educatif\/2-2-differents-types-de-veilles\/2-2-3-la-veille-scientifique-et-didactique\/","title":{"rendered":"2.2.3. La veille scientifique et didactique"},"content":{"rendered":"<p><strong>Veiller sur les apports de la recherche scientifique<\/strong><\/p>\n<p>D&rsquo;une part, l&rsquo;enseignant doit conna\u00eetre les avanc\u00e9es des savoirs qui constituent le socle \u00e9pist\u00e9mologique de sa discipline et qui participent \u00e0 l&rsquo;\u00e9volution des programmes scolaires.<\/p>\n<p>D&rsquo;autre part, la transformation des mani\u00e8res d&rsquo;enseigner sollicite \u00e9galement de nouvelles expertises, pour construire et mettre en \u0153uvre des parcours de formation qui vont rendre les \u00e9l\u00e8ves acteurs de leurs apprentissages.<br \/>\nDans un contexte o\u00f9 les outils num\u00e9riques bouleversent les rapports aux savoirs, les r\u00e9sultats de la recherche scientifique fournissent un \u00e9clairage critique sur les strat\u00e9gies p\u00e9dagogiques tenues pour innovantes et constituent \u00e9galement un moyen de se former tout au long de la vie. L&rsquo;Agence nationale des Tice s&rsquo;est donn\u00e9e pour mission de vulgariser et diffuser ces <a title=\"Agence nationale des Tice\" href=\"http:\/\/www.cndp.fr\/agence-usages-tice\/que-dit-la-recherche\/\" target=\"_blank\">travaux de la recherche scientifique<\/a> et constitue \u00e0 ce titre une source de veille qui permet de d\u00e9couvrir des \u00ab\u00a0fronts de recherche\u00a0\u00bb et des publications scientifiques.<\/p>\n<p>L&rsquo;If\u00e9 (Institut fran\u00e7ais de l&rsquo;\u00e9ducation) contribue \u00e9galement \u00e0 promouvoir les travaux de la recherche, notamment dans les disciplines d&rsquo;enseignement scientifiques (<a title=\"Site de l'If\u00e9\" href=\"http:\/\/ife.ens-lyon.fr\/ife\" target=\"_blank\">voir l&rsquo;onglet \u00ab\u00a0ressources et services\u00a0\u00bb du site de l&rsquo;If\u00e9<\/a>).<\/p>\n","protected":false},"excerpt":{"rendered":"<p>Veiller sur les apports de la recherche scientifique D&rsquo;une part, l&rsquo;enseignant doit conna\u00eetre les avanc\u00e9es des savoirs qui constituent le socle \u00e9pist\u00e9mologique de sa discipline et qui participent \u00e0 l&rsquo;\u00e9volution des programmes scolaires. D&rsquo;autre part, la transformation des mani\u00e8res d&rsquo;enseigner sollicite \u00e9galement de nouvelles expertises, pour construire et mettre en \u0153uvre des parcours de formation [&hellip;]<\/p>\n","protected":false},"author":9,"featured_media":0,"parent":25,"menu_order":0,"comment_status":"open","ping_status":"open","template":"","meta":{"_acf_changed":false,"footnotes":""},"class_list":["post-31","page","type-page","status-publish","hentry"],"acf":[],"_links":{"self":[{"href":"http:\/\/www.ressources.univ-rennes2.fr\/cultures-numeriques-dans-l-enseignement\/veille\/wp-json\/wp\/v2\/pages\/31","targetHints":{"allow":["GET"]}}],"collection":[{"href":"http:\/\/www.ressources.univ-rennes2.fr\/cultures-numeriques-dans-l-enseignement\/veille\/wp-json\/wp\/v2\/pages"}],"about":[{"href":"http:\/\/www.ressources.univ-rennes2.fr\/cultures-numeriques-dans-l-enseignement\/veille\/wp-json\/wp\/v2\/types\/page"}],"author":[{"embeddable":true,"href":"http:\/\/www.ressources.univ-rennes2.fr\/cultures-numeriques-dans-l-enseignement\/veille\/wp-json\/wp\/v2\/users\/9"}],"replies":[{"embeddable":true,"href":"http:\/\/www.ressources.univ-rennes2.fr\/cultures-numeriques-dans-l-enseignement\/veille\/wp-json\/wp\/v2\/comments?post=31"}],"version-history":[{"count":13,"href":"http:\/\/www.ressources.univ-rennes2.fr\/cultures-numeriques-dans-l-enseignement\/veille\/wp-json\/wp\/v2\/pages\/31\/revisions"}],"predecessor-version":[{"id":343,"href":"http:\/\/www.ressources.univ-rennes2.fr\/cultures-numeriques-dans-l-enseignement\/veille\/wp-json\/wp\/v2\/pages\/31\/revisions\/343"}],"up":[{"embeddable":true,"href":"http:\/\/www.ressources.univ-rennes2.fr\/cultures-numeriques-dans-l-enseignement\/veille\/wp-json\/wp\/v2\/pages\/25"}],"wp:attachment":[{"href":"http:\/\/www.ressources.univ-rennes2.fr\/cultures-numeriques-dans-l-enseignement\/veille\/wp-json\/wp\/v2\/media?parent=31"}],"curies":[{"name":"wp","href":"https:\/\/api.w.org\/{rel}","templated":true}]}}