{"id":45,"date":"2013-02-20T15:19:57","date_gmt":"2013-02-20T14:19:57","guid":{"rendered":"http:\/\/www.ressources.univ-rennes2.fr\/cultures-numeriques-dans-l-enseignement\/veille\/?page_id=45"},"modified":"2013-08-14T14:14:04","modified_gmt":"2013-08-14T13:14:04","slug":"2-3-4-contribuer-a-la-curation-un-pas-vers-le-travail-collaboratif","status":"publish","type":"page","link":"http:\/\/www.ressources.univ-rennes2.fr\/cultures-numeriques-dans-l-enseignement\/veille\/2-la-veille-en-contexte-educatif\/2-3-interet-de-la-veille-pour-un-enseignant\/2-3-4-contribuer-a-la-curation-un-pas-vers-le-travail-collaboratif\/","title":{"rendered":"2.3.4. La curation : une entr\u00e9e par les usages dans la culture num\u00e9rique ?"},"content":{"rendered":"<p><strong>A\/ La curation ou l&rsquo;art de \u00ab\u00a0filtrer l&rsquo;information\u00a0\u00bb<\/strong><\/p>\n<p>La curation est une pratique qui consiste \u00e0 s\u00e9lectionner, \u00e9ditorialiser et partager du contenu en ligne : selon l&rsquo;URFIST de Rennes, elle r\u00e9sulte d&rsquo;une agr\u00e9gation de pratiques existantes et constitue comme un <em>\u00ab\u00a0dispositif central, point de convergence entre recherche, indexation par mot-cl\u00e9 libre ou tagging, veille, Knowledge management\u00a0\u00bb (<\/em><a title=\"Cours Urfist Rennes Curation\" href=\"http:\/\/www.sites.univ-rennes2.fr\/urfist\/ressources\/diffuser-les-resultats-de-la-veille-avec-les-outils-de-curation-scoopit-paperli\" target=\"_blank\">http:\/\/www.sites.univ-rennes2.fr\/urfist\/ressources\/diffuser-les-resultats-de-la-veille-avec-les-outils-de-curation-scoopit-paperli).<\/a><\/p>\n<p>&nbsp;<\/p>\n<p>Dans le contexte p\u00e9dagogique, elle offre \u00e0 l&rsquo;enseignant une panoplie d&rsquo;outils et de techniques, qui lui permettent de se constituer un environnement num\u00e9rique de travail personnel et collaboratif o\u00f9 il met en oeuvre cet \u00ab\u00a0art du filtrage\u00a0\u00bb qui d\u00e9signe un ensemble de comp\u00e9tences cruciales pour l&rsquo;avenir de l&rsquo;enseignement selon Umberto Eco (<a title=\"Interview Umberto Eco\" href=\"http:\/\/www.lemonde.fr\/livres\/article\/2010\/10\/11\/umberto-eco-je-suis-un-philosophe-qui-ecrit-des-romans_1423637_3260.html\" target=\"_blank\">http:\/\/www.lemonde.fr\/livres\/article\/2010\/10\/11\/umberto-eco-je-suis-un-philosophe-qui-ecrit-des-romans_1423637_3260.html).<\/a><\/p>\n<p>&nbsp;<\/p>\n<p><strong>B\/ La curation : un instrument pour former les \u00e9l\u00e8ves \u00e0 l&rsquo;\u00e9valuation de l&rsquo;information ?<\/strong><\/p>\n<p>On peut ainsi envisager la pratique de la curation comme une phase d&rsquo;acculturation o\u00f9 l&rsquo;enseignant s&rsquo;approprie un ensemble de savoirs et de comp\u00e9tences que symbolise cette m\u00e9taphore de l'\u00a0\u00bbart du filtrage de l&rsquo;information\u00a0\u00bb. Il peut ensuite transposer cet objectif de formation au niveau de ses \u00e9l\u00e8ves et cibler l&rsquo;acquisition de ces comp\u00e9tences li\u00e9es \u00e0 l&rsquo;\u00e9valuation de l&rsquo;information dans le contexte d&rsquo;un environnement d&rsquo;apprentissage num\u00e9rique.<\/p>\n<p>Dans un dossier publi\u00e9 en mai 2013 sur le site de l&rsquo;Agence nationale des Tice, Florence Canet, professeur documentaliste et doctorante en sciences de l&rsquo;information, dresse un bilan prometteur d&rsquo;exp\u00e9rimentations des r\u00e9seaux sociaux de \u00ab\u00a0partage de signets pour la collaboration et l\u2019apprentissage\u00a0\u00bb. Ces activit\u00e9s ont \u00e9t\u00e9 d&rsquo;abord men\u00e9es dans le cadre de la formation des enseignants puis d\u00e9clin\u00e9es au niveau de la p\u00e9dagogie en lyc\u00e9e et classes de BTS (<a title=\"Florence Canet\" href=\"http:\/\/www.cndp.fr\/agence-usages-tice\/que-dit-la-recherche\/le-partage-de-signets-pour-la-collaboration-et-l-apprentissage-60.htm\" target=\"_blank\">http:\/\/www.cndp.fr\/agence-usages-tice\/que-dit-la-recherche\/le-partage-de-signets-pour-la-collaboration-et-l-apprentissage-60.htm<\/a>).<\/p>\n","protected":false},"excerpt":{"rendered":"<p>A\/ La curation ou l&rsquo;art de \u00ab\u00a0filtrer l&rsquo;information\u00a0\u00bb La curation est une pratique qui consiste \u00e0 s\u00e9lectionner, \u00e9ditorialiser et partager du contenu en ligne : selon l&rsquo;URFIST de Rennes, elle r\u00e9sulte d&rsquo;une agr\u00e9gation de pratiques existantes et constitue comme un \u00ab\u00a0dispositif central, point de convergence entre recherche, indexation par mot-cl\u00e9 libre ou tagging, veille, Knowledge [&hellip;]<\/p>\n","protected":false},"author":9,"featured_media":0,"parent":37,"menu_order":0,"comment_status":"open","ping_status":"open","template":"","meta":{"_acf_changed":false,"footnotes":""},"class_list":["post-45","page","type-page","status-publish","hentry"],"acf":[],"_links":{"self":[{"href":"http:\/\/www.ressources.univ-rennes2.fr\/cultures-numeriques-dans-l-enseignement\/veille\/wp-json\/wp\/v2\/pages\/45","targetHints":{"allow":["GET"]}}],"collection":[{"href":"http:\/\/www.ressources.univ-rennes2.fr\/cultures-numeriques-dans-l-enseignement\/veille\/wp-json\/wp\/v2\/pages"}],"about":[{"href":"http:\/\/www.ressources.univ-rennes2.fr\/cultures-numeriques-dans-l-enseignement\/veille\/wp-json\/wp\/v2\/types\/page"}],"author":[{"embeddable":true,"href":"http:\/\/www.ressources.univ-rennes2.fr\/cultures-numeriques-dans-l-enseignement\/veille\/wp-json\/wp\/v2\/users\/9"}],"replies":[{"embeddable":true,"href":"http:\/\/www.ressources.univ-rennes2.fr\/cultures-numeriques-dans-l-enseignement\/veille\/wp-json\/wp\/v2\/comments?post=45"}],"version-history":[{"count":38,"href":"http:\/\/www.ressources.univ-rennes2.fr\/cultures-numeriques-dans-l-enseignement\/veille\/wp-json\/wp\/v2\/pages\/45\/revisions"}],"predecessor-version":[{"id":456,"href":"http:\/\/www.ressources.univ-rennes2.fr\/cultures-numeriques-dans-l-enseignement\/veille\/wp-json\/wp\/v2\/pages\/45\/revisions\/456"}],"up":[{"embeddable":true,"href":"http:\/\/www.ressources.univ-rennes2.fr\/cultures-numeriques-dans-l-enseignement\/veille\/wp-json\/wp\/v2\/pages\/37"}],"wp:attachment":[{"href":"http:\/\/www.ressources.univ-rennes2.fr\/cultures-numeriques-dans-l-enseignement\/veille\/wp-json\/wp\/v2\/media?parent=45"}],"curies":[{"name":"wp","href":"https:\/\/api.w.org\/{rel}","templated":true}]}}