{"id":67,"date":"2013-02-20T15:23:10","date_gmt":"2013-02-20T14:23:10","guid":{"rendered":"http:\/\/www.ressources.univ-rennes2.fr\/cultures-numeriques-dans-l-enseignement\/veille\/?page_id=67"},"modified":"2013-08-14T16:57:33","modified_gmt":"2013-08-14T15:57:33","slug":"a-diffusion","status":"publish","type":"page","link":"http:\/\/www.ressources.univ-rennes2.fr\/cultures-numeriques-dans-l-enseignement\/veille\/3-les-methodes\/a-diffusion\/","title":{"rendered":"3.7. La diffusion"},"content":{"rendered":"<p>La diffusion de la veille n\u00e9cessite de r\u00e9fl\u00e9chir au <strong>public vis\u00e9<\/strong> (coll\u00e8gues d&rsquo;un m\u00eame \u00e9tablissement, groupe de travail, \u00e9l\u00e8ves&#8230;) et \u00e0 la mani\u00e8re dont ce public va prendre connaissance de ces r\u00e9sultats et en faire usage. Cela n\u00e9cessite de \u00ab\u00a0penser communication\u00a0\u00bb, en r\u00e9fl\u00e9chissant au produit de veille lui m\u00eame et au support de diffusion.<\/p>\n<p>Il y a deux mani\u00e8res de penser la diffusion :<\/p>\n<p>&#8211; <strong>la m\u00e9thode \u00ab\u00a0push\u00a0\u00bb<\/strong> : on \u00ab\u00a0pousse\u00a0\u00bb le r\u00e9sultat vers l&rsquo;utilisateur \u00e0 travers l&rsquo;envoi d&rsquo;une lettre d&rsquo;actualit\u00e9, la cr\u00e9ation d&rsquo;un flux RSS&#8230; Cela laisse plus de souplesse au destinataire pour archiver ses produits mais peut g\u00e9n\u00e9rer chez l&rsquo;usager une surcharge d&rsquo;information.<\/p>\n<p>&#8211; <strong>la m\u00e9thode \u00ab\u00a0pull\u00a0\u00bb<\/strong> : l&rsquo;utilisateur vient vers le produit. Cela permet de cr\u00e9er des produits documentaires plus \u00e9labor\u00e9s, de publier en direct certains r\u00e9sultats, mais au final cela reste plus contraignant pour l&rsquo;usager qui doit faire l&rsquo;effort de se rendre sur\u00a0 le site.<\/p>\n<p>Outils utilisables : outils de curation (Scoop.it, Pearltrees&#8230;), pages publiques Netvibes&#8230;<\/p>\n","protected":false},"excerpt":{"rendered":"<p>La diffusion de la veille n\u00e9cessite de r\u00e9fl\u00e9chir au public vis\u00e9 (coll\u00e8gues d&rsquo;un m\u00eame \u00e9tablissement, groupe de travail, \u00e9l\u00e8ves&#8230;) et \u00e0 la mani\u00e8re dont ce public va prendre connaissance de ces r\u00e9sultats et en faire usage. Cela n\u00e9cessite de \u00ab\u00a0penser communication\u00a0\u00bb, en r\u00e9fl\u00e9chissant au produit de veille lui m\u00eame et au support de diffusion. Il [&hellip;]<\/p>\n","protected":false},"author":9,"featured_media":0,"parent":14,"menu_order":0,"comment_status":"open","ping_status":"open","template":"","meta":{"_acf_changed":false,"footnotes":""},"class_list":["post-67","page","type-page","status-publish","hentry"],"acf":[],"_links":{"self":[{"href":"http:\/\/www.ressources.univ-rennes2.fr\/cultures-numeriques-dans-l-enseignement\/veille\/wp-json\/wp\/v2\/pages\/67","targetHints":{"allow":["GET"]}}],"collection":[{"href":"http:\/\/www.ressources.univ-rennes2.fr\/cultures-numeriques-dans-l-enseignement\/veille\/wp-json\/wp\/v2\/pages"}],"about":[{"href":"http:\/\/www.ressources.univ-rennes2.fr\/cultures-numeriques-dans-l-enseignement\/veille\/wp-json\/wp\/v2\/types\/page"}],"author":[{"embeddable":true,"href":"http:\/\/www.ressources.univ-rennes2.fr\/cultures-numeriques-dans-l-enseignement\/veille\/wp-json\/wp\/v2\/users\/9"}],"replies":[{"embeddable":true,"href":"http:\/\/www.ressources.univ-rennes2.fr\/cultures-numeriques-dans-l-enseignement\/veille\/wp-json\/wp\/v2\/comments?post=67"}],"version-history":[{"count":8,"href":"http:\/\/www.ressources.univ-rennes2.fr\/cultures-numeriques-dans-l-enseignement\/veille\/wp-json\/wp\/v2\/pages\/67\/revisions"}],"predecessor-version":[{"id":110,"href":"http:\/\/www.ressources.univ-rennes2.fr\/cultures-numeriques-dans-l-enseignement\/veille\/wp-json\/wp\/v2\/pages\/67\/revisions\/110"}],"up":[{"embeddable":true,"href":"http:\/\/www.ressources.univ-rennes2.fr\/cultures-numeriques-dans-l-enseignement\/veille\/wp-json\/wp\/v2\/pages\/14"}],"wp:attachment":[{"href":"http:\/\/www.ressources.univ-rennes2.fr\/cultures-numeriques-dans-l-enseignement\/veille\/wp-json\/wp\/v2\/media?parent=67"}],"curies":[{"name":"wp","href":"https:\/\/api.w.org\/{rel}","templated":true}]}}