{"id":71,"date":"2013-02-20T15:23:42","date_gmt":"2013-02-20T14:23:42","guid":{"rendered":"http:\/\/www.ressources.univ-rennes2.fr\/cultures-numeriques-dans-l-enseignement\/veille\/?page_id=71"},"modified":"2013-09-10T15:41:22","modified_gmt":"2013-09-10T14:41:22","slug":"4-2-presentation-des-principales-sources-pour-leducation","status":"publish","type":"page","link":"http:\/\/www.ressources.univ-rennes2.fr\/cultures-numeriques-dans-l-enseignement\/veille\/4-les-sources\/4-2-presentation-des-principales-sources-pour-leducation\/","title":{"rendered":"4.2. Pr\u00e9sentation des principales sources pour l\u2019\u00e9ducation"},"content":{"rendered":"<p style=\"text-align: left;\"><a id=\"haut\"><\/a><br \/>\nLes ressources sont pr\u00e9sent\u00e9es ici d\u2019une mani\u00e8re particuli\u00e8re\u00a0: en partant de questions concr\u00e8tes que peuvent se poser les \u00e9tudiants en formation. Il leur restera bien s\u00fbr \u00e0 transf\u00e9rer ces demandes pour les adapter \u00e0 leur probl\u00e9matique du moment.<br \/>\nUne structuration en rubriques est cependant propos\u00e9e, en tenant compte des remarques faites dans la section pr\u00e9c\u00e9dente.<\/p>\n<p style=\"text-align: center;\"><a href=\"#sites\"><br \/>\nSites institutionnels<\/a><br \/>\n<a href=\"#refsmet\">R\u00e9flexions sur le m\u00e9tier<\/a><br \/>\n<a href=\"#redu\">La recherche en \u00e9ducation<\/a><br \/>\n<a href=\"#spe\">Sp\u00e9cial premier degr\u00e9<\/a><br \/>\n<a href=\"#scol\">Sp\u00e9cial coll\u00e8ge<\/a><br \/>\n<a href=\"#slyc\">Sp\u00e9cial lyc\u00e9e<\/a><br \/>\n<a href=\"#slp\">Sp\u00e9cial lyc\u00e9e professionnel<\/a><br \/>\n<a href=\"#ms\">Math\u00e9matiques, Sciences<\/a><br \/>\n<a href=\"#art\">Arts<\/a><br \/>\n<a href=\"#flit\">Fran\u00e7ais-litt\u00e9ratures<\/a><br \/>\n<a href=\"#ss\">Sciences sociales<\/a><br \/>\n<a href=\"#cnemi\">Culture num\u00e9rique, \u00e9ducation aux m\u00e9dias et \u00e0 l\u2019information<\/a><br \/>\n<a href=\"#docu\">Documentation<\/a><\/p>\n<p style=\"text-align: center;\">_________________________________________<br \/>\n<strong>Sites institutionnels<\/strong><\/p>\n<p style=\"text-align: left;\">&#8211; Pour \u00ab\u00a0tout conna\u00eetre\u00a0\u00bb sur un sujet, <strong><a href=\"http:\/\/www.education.gouv.fr\/cid50125\/le-moteur-de-recherche-de-l-education.html\" target=\"_blank\">le moteur de recherche de l\u2019\u00e9ducation<\/a><\/strong> explore 350 sites de r\u00e9f\u00e9rence en France et si vous voulez \u00e9largir \u00e0 l\u2019espace europ\u00e9en, consultez <strong><a href=\"http:\/\/eacea.ec.europa.eu\/education\/eurydice\/index_fr.php\">Eurydice<\/a><\/strong> ;<\/p>\n<p style=\"text-align: left;\">&#8211; Pour trouver un <a href=\"http:\/\/www.education.gouv.fr\/pid285\/le-bulletin-officiel.html\">texte officiel<\/a> du Minist\u00e8re de l\u2019\u00e9ducation nationale (en connaissant les r\u00e9f\u00e9rences du texte) et sans les conna\u00eetre (recherche par mots-cl\u00e9s, date\u2026) gr\u00e2ce \u00e0 <a href=\"https:\/\/mentor.adc.education.fr\/\" target=\"_blank\"><strong>Mentor<\/strong> <\/a>;<\/p>\n<p>&#8211; Pour conna\u00eetre les textes issus de la politique nationale et internationale en mati\u00e8re d\u2019\u00e9ducation, consultez <strong><a href=\"http:\/\/eduscol.education.fr\/\">Eduscol<\/a><\/strong>, <strong><a href=\"http:\/\/www.legifrance.gouv.fr\/affichCode.do?cidTexte=LEGITEXT000006071191\">le Code de l\u2019\u00e9ducation<\/a><\/strong> ou peut-\u00eatre tout d\u2019abord <a href=\"http:\/\/www.education.gouv.fr\/bo\/2000\/special7\/som.htm\">son sommaire, les raisons de sa mise en \u0153uvre\u2026. ; <\/a><\/p>\n<p><a href=\"http:\/\/www.education.gouv.fr\/cid50705\/les-flux-r.s.s.-de-l-education-nationale.html#Les flux rss - pour les professionnels de l'\u00e9ducation\"><br \/>\n&#8211; Pour s\u2019inscrire \u00e0 certains flux RSS du Minist\u00e8re<\/a>, ou recevoir <a href=\"http:\/\/www.education.gouv.fr\/pid23920\/kiosque-actu.html\">la lettre mensuelle ou le sommaire hebdomadaire des Bulletins officiels<\/a> ;<\/p>\n<p><a href=\"http:\/\/www.education.gouv.fr\/pid24301\/annuaire-de-l-education.html\"><br \/>\n&#8211; Pour trouver les cordonn\u00e9es d\u2019un \u00e9tablissement scolaire<\/a> ;<\/p>\n<p>&#8211; Pour se tenir inform\u00e9 des dossiers les plus en vue au niveau national\u00a0: <strong><a href=\"http:\/\/eduscol.education.fr\/\">Eduscol,<\/a><\/strong> le portail des professionnels de l\u2019\u00e9ducation et au niveau <a href=\"http:\/\/www.ac-rennes.fr\/\">acad\u00e9mique ou d\u00e9partemental ;<\/a><\/p>\n<p>&#8211; Vous cherchez des ressources pour enseigner\u00a0: <a href=\"http:\/\/www.cndp.fr\/accueil.html\"><strong>CNDP \/ Sc\u00e9r\u00e9n<\/strong>,<\/a> ou plus pr\u00e9cis\u00e9ment son <a href=\"http:\/\/www.cndp.fr\/caren\/\">catalogue des ressources num\u00e9riques<\/a> par niveau ou plus largement les ressources num\u00e9riques disponibles sur le site du Minist\u00e8re (<strong><a href=\"http:\/\/www.educasources.education.fr\/\">Educasources<\/a><\/strong>).<\/p>\n<p>&nbsp;<\/p>\n<p style=\"text-align: right;\"><a href=\"#haut\"> Revenir au sommaire<\/a><\/p>\n<p style=\"text-align: center;\"><strong>_________________________________________<\/strong><\/p>\n<p style=\"text-align: center;\"><a id=\"refsmet\"><\/a><strong>R\u00e9flexions sur le m\u00e9tier<\/strong><\/p>\n<p>&nbsp;<\/p>\n<p>&#8211; \u00a0Pour suivre l\u2019actualit\u00e9 \u00ab\u00a0c\u00f4t\u00e9 prof\u00a0\u00bb,<strong> l\u2019Expresso du <a href=\"http:\/\/www.cafepedagogique.net\/Pages\/Accueil.aspx\">Caf\u00e9 p\u00e9dagogique<\/a><\/strong> est incontournable. Il publie tous les mois un millier de liens, et chaque ann\u00e9e parait un \u00ab\u00a0guide du WEB\u00a0\u00bb WEB, qui donne une s\u00e9lection d&rsquo;une douzaine de liens incontournables par discipline. Il s\u2019agit d\u2019une v\u00e9ritable \u00ab anthologie \u00bb con\u00e7ue prioritairement pour les jeunes enseignants !<\/p>\n<p>&#8211; \u00a0Les <strong>Cahiers p\u00e9dagogiques<\/strong> sont port\u00e9s par un groupe d\u2019enseignants (le Cercle de recherche et d\u2019actions p\u00e9dagogiques) et s\u2019int\u00e9ressent \u00e9galement aux d\u00e9buts dans le m\u00e9tier. En voici un exemple\u00a0: N\u00b0-501-<a href=\"http:\/\/www.cahiers-pedagogiques.com\/No-501-Quand-la-classe-est-difficile\" target=\"_blank\">Quand-la-classe-est-difficile<\/a><\/p>\n<p>&#8211; \u00a0Une voix qui sait vulgariser la p\u00e9dagogie\u00a0: <a href=\"http:\/\/www.meirieu.com\/\"><strong>P. Meirieu<\/strong>\u00a0: Histoire et actualit\u00e9 de la p\u00e9dagogie<\/a><\/p>\n<p>&#8211; \u00a0\u00a0<a href=\"https:\/\/www.diigo.com\/user\/tomlaigle\/didactique\">Des signets sur la didactique<\/a> \u00e0 partir de Diigo<\/p>\n<p>&#8211; \u00a0 Des ressources scientifiques et didactiques \u00e0 partir de <a href=\"http:\/\/www.pearltrees.com\/#\/N-f=1_2891606&amp;N-fa=2890612&amp;N-p=21272166&amp;N-play=0&amp;N-s=1_2891606&amp;N-u=1_296829\">Pearltree <\/a><\/p>\n<p>&#8211; \u00a0 Des nouvelles fra\u00eeches sur la didactique et l\u2019enseignement, sur certains \u00ab\u00a0topics\u00a0\u00bb de <a href=\"http:\/\/www.scoop.it\/t\/didactique-et-enseignement\">Scoop.it<\/a><\/p>\n<p>&#8211; \u00a0 \u00a0Ce qui se dit sur Twitter sur un sujet particulier (#manuel num\u00e9rique, par exemple)<\/p>\n<p>&#8211; \u00a0 \u00a09\u00a0000 personnes du monde de l\u2019\u00e9ducation ont une biblioth\u00e8que sur <a href=\"https:\/\/www.zotero.org\/people\/\">Zotero<\/a>. La plupart sont publiques et vous pouvez voir comment elles sont structur\u00e9es et acc\u00e9der \u00e0 leur contenu (et m\u00eame les suivre).<\/p>\n<p style=\"text-align: right;\"><a href=\"#haut\"> Revenir au sommaire<\/a><\/p>\n<p style=\"text-align: center;\"><strong>_________________________________________<\/strong><\/p>\n<p style=\"text-align: center;\"><a id=\"redu\"><\/a><strong>Recherche sur l&rsquo;\u00e9ducation<\/strong><\/p>\n<p>&#8211; Le site de veille sur l&rsquo;\u00e9ducation de l&rsquo;If\u00e9 (Institut Fran\u00e7ais de l&rsquo;Education) : <strong><a href=\"http:\/\/ife.ens-lyon.fr\/vst\/\" target=\"_blank\">Veille et Analyses<\/a><\/strong><\/p>\n<p>&#8211; <a href=\"http:\/\/eric.ed.gov\/\" target=\"_blank\"><strong>ERIC<\/strong><\/a>, base de donn\u00e9es en sciences de l\u2019\u00e9ducation<\/p>\n<p><a href=\"http:\/\/www.cairn.info\/\" target=\"_blank\">&#8211;<strong> CAIRN<\/strong>, portail de revues en SHS<\/a> (se connecter via votre ENT pour acc\u00e9der aux ressources int\u00e9grales).<\/p>\n<p><a href=\"http:\/\/scholar.google.fr\/\" target=\"_blank\">&#8211; <strong>Google Scholar<\/strong><\/a> (des r\u00e9f\u00e9rences et des citations)<\/p>\n<p><a href=\"http:\/\/edutice.archives-ouvertes.fr\/\">&#8211; <strong>EduTice, archive ouvertes<\/strong> : <\/a><\/p>\n<p><a href=\"http:\/\/oaister.worldcat.org\/\">&#8211; <strong>OAISTER<\/strong><\/a> (pour chercher dans les archives ouvertes du monde entier)<\/p>\n<p><a href=\"http:\/\/halshs.archives-ouvertes.fr\/\">&#8211; <strong>HAL-SHS<\/strong><\/a><\/p>\n<p>&nbsp;<\/p>\n<p>Quelques laboratoires en sciences de l\u2019\u00e9ducation\u00a0:<\/p>\n<p><a href=\"http:\/\/iredu.u-bourgogne.fr\/\">&#8211; <strong>IREDU<\/strong>, Institut de Recherche sur l\u2019Education\u00a0: sociologie et \u00e9conomie de l\u2019\u00e9ducation<\/a><\/p>\n<p><a href=\"http:\/\/cread.bretagne.iufm.fr\/\">&#8211; <strong>CREAD<\/strong>, Centre de recherche sur\u00a0 l\u2019Education les Apprentissages et la Didactique<\/a><\/p>\n<p><a href=\"http:\/\/acte.univ-bpclermont.fr\/\">&#8211; <strong>ACT\u00e9<\/strong><\/a>, Activit\u00e9, connaissance, transmission, \u00e9ducation<\/p>\n<p>&nbsp;<\/p>\n<p style=\"text-align: right;\"><a href=\"#haut\">Revenir au sommaire<\/a><\/p>\n<p style=\"text-align: center;\"><strong>_________________________________________<\/strong><\/p>\n<p style=\"text-align: center;\"><a id=\"spe\"><\/a><strong>Sp\u00e9cial premier degr\u00e9<\/strong><\/p>\n<p><a href=\"http:\/\/www.education.gouv.fr\/pid24321\/les-programmes-de-l-ecole-maternelle.html\">&#8211; Les programmes de l\u2019\u00e9cole maternelle<\/a><\/p>\n<p>&#8211;\u00a0\u00a0\u00a0\u00a0\u00a0\u00a0\u00a0\u00a0\u00a0 Pour travailler en projet. Un dossier de <a href=\"http:\/\/www.nathan.fr\/catalogue\/catalogue_detail_enseignants.asp?ean13=9782091122267\"><strong>l&rsquo;\u00c9cole aujourd&rsquo;hui<\/strong> (maternelle)<\/a> n\u00b0 23, d\u00e9cembre 2012<\/p>\n<p>&#8211;\u00a0\u00a0\u00a0\u00a0\u00a0\u00a0\u00a0\u00a0\u00a0 La diff\u00e9renciation en langage oral : quatri\u00e8me volet du dossier \u00ab Diff\u00e9rencier, oui mais comment ? \u00bb <strong><a href=\"http:\/\/www.laclasse.fr\/ewb_pages\/r\/revues.php?dimEspaceLISelected=848\">La Classe maternelle<\/a><\/strong> n\u00b0 215, janvier 2013<\/p>\n<p><a href=\"http:\/\/www.education.gouv.fr\/pid24307\/les-programmes-de-l-ecole-elementaire.html\">&#8211; Les programmes de l\u2019\u00e9cole \u00e9l\u00e9mentaire<\/a><\/p>\n<p>&#8211; Des <a href=\"http:\/\/eduscol.education.fr\/pid26178\/ressources-pour-premier-degre.html\">ressources class\u00e9es par comp\u00e9tences<\/a> (sur Eduscol)<\/p>\n<p>&#8211; Une revue pleine de pistes de travail\u00a0: <strong>L\u2019\u00e9cole aujourd\u2019hui<\/strong> (\u00e9lementaire). Exemple sur <a href=\"http:\/\/www.nxtbook.fr\/newpress\/Nathan\/EAE-121233_01MD7S5BC1\/index.php?startid=37#\/0\">les nombres<\/a><\/p>\n<p>&#8211; Animation et \u00e9ducation, la revue de l\u2019Office Central de la Coop\u00e9ration \u00e0 l\u2019\u00e9cole propose des dossiers en ligne. En voici un sur <a href=\"http:\/\/animeduc.occe.coop\/spip.php?page=presentation_revue&amp;id=234\">la classe hors l\u2019\u00e9cole<\/a><\/p>\n<p style=\"text-align: right;\"><a href=\"#haut\">Revenir au sommaire<\/a><\/p>\n<p style=\"text-align: center;\"><strong>_________________________________________<\/strong><\/p>\n<p style=\"text-align: center;\"><a id=\"scol\"><\/a><strong>Sp\u00e9cial coll\u00e8ge<\/strong><\/p>\n<p><a href=\"http:\/\/www.education.gouv.fr\/cid81\/les-programmes.html\">&#8211; Les programmes<\/a><\/p>\n<p>&#8211; Le CRDP de l&rsquo;Acad\u00e9mie d&rsquo;Aix-Marseille propose un choix de\u00a0<a href=\"http:\/\/ressour4.crdp-aix-marseille.fr\/\">ressources pour la classe de 4e<\/a><\/p>\n<p>&#8211; Celui de l&rsquo;acad\u00e9mie de Bordeaux et le CDDP des Landes proposent un choix de\u00a0<a href=\"http:\/\/cddp40.homelinux.org\/landes\">ressources pour la classe de 3e<\/a>.<\/p>\n<p>&#8211; Un <a href=\"http:\/\/www.cddp91.ac-versailles.fr\/IMG\/pdf\/Incontournables_college_documents.pdf\">catalogue<\/a> complet class\u00e9 en fonction des comp\u00e9tences du socle<\/p>\n<p style=\"text-align: right;\"><a href=\"#haut\">Revenir au sommaire<\/a><\/p>\n<p style=\"text-align: center;\"><strong>_________________________________________<\/strong><\/p>\n<p style=\"text-align: center;\"><a id=\"slyc\"><\/a><strong>Sp\u00e9cial lyc\u00e9e<\/strong><\/p>\n<p><a href=\"http:\/\/www.education.gouv.fr\/pid24239\/les-programmes-du-lycee.html\">&#8211; Les programmes<\/a><\/p>\n<p><a href=\"http:\/\/www.education.gouv.fr\/cid61518\/enseignants-des-ressources-pedagogiques-pour-le-lycee-en-ligne.html\">&#8211; Un portail officiel<\/a><\/p>\n<p style=\"text-align: right;\"><a href=\"#haut\">Revenir au sommaire<\/a><\/p>\n<p style=\"text-align: center;\"><strong>_________________________________________<\/strong><\/p>\n<p style=\"text-align: center;\"><a id=\"slp\"><\/a><strong>Sp\u00e9cial lyc\u00e9e professionnel<\/strong><\/p>\n<p><a href=\"http:\/\/www.education.gouv.fr\/cid52726\/programmes-du-lycee-professionnel.html\">&#8211; Les programmes<\/a><\/p>\n<p>&#8211; Le <a href=\"http:\/\/maonziemeannee.wordpress.com\/\">blog d\u2019une prof de LP<\/a>, passionn\u00e9e du num\u00e9rique (Laurence Juin)<\/p>\n<p>&#8211; <a href=\"http:\/\/eduscol.education.fr\/ecogest\">Ecogest<\/a>, source de r\u00e9f\u00e9rence en Eco-gestion<\/p>\n<p><span style=\"font-size: 13px;\">Les <a href=\"http:\/\/www.cndp.fr\/crdp-besancon\/index.php?id=enseignement-tech-et-prof\">ressources<\/a> du CRDP de Besan\u00e7on sont tr\u00e8s compl\u00e8tes et concernent l&rsquo;<\/span>enseignement technologique et professionnel (disciplines g\u00e9n\u00e9rales et de sp\u00e9cialit\u00e9s).<\/p>\n<p><span style=\"font-size: 13px;\">Nous mettons l&rsquo;accent sur deux comptes Scoop-it qui proposent :<\/span><\/p>\n<p>&#8211; une s\u00e9lection pour l&rsquo;enseignement <a href=\"http:\/\/www.scoop.it\/t\/sciences-et-techniques-industrielles-sti\">INDUSTRIEL<\/a> en voies technologique et professionnelle:<\/p>\n<p><span style=\"font-size: 13px;\">&#8211; une s\u00e9lection pour l&rsquo;enseignement <a href=\"http:\/\/www.scoop.it\/t\/sciences-et-techniques-de-gestion-stg\">TERTIAIRE<\/a> en voies technologique et professionnelle.<\/span><\/p>\n<p>Les flux\u00a0RSS correspondants, attach\u00e9s \u00e0 des comptes Scoop-it, permettent de recevoir directement les nouvelles informations (le\u00a0flux Rss tertiaire :\u00a0http:\/\/www.scoop.it\/t\/sciences-et-techniques-de-gestion-stg\/rss.xml\u00a0et le\u00a0flux Rss industriel :\u00a0http:\/\/www.scoop.it\/t\/sciences-et-techniques-industrielles-sti\/rss.xml).<\/p>\n<p>Les hashtags #scoopitertiaire et #scoopitindustriel peuvent aussi \u00eatre utilis\u00e9s sur\u00a0le <a href=\"https:\/\/twitter.com\/CRDPfcomte\">compte Twitter<\/a> du Crdp de Besan\u00e7on.<\/p>\n<p style=\"text-align: right;\"><a href=\"#haut\">Revenir au sommaire<\/a><\/p>\n<p style=\"text-align: center;\"><strong>_________________________________________<\/strong><\/p>\n<p style=\"text-align: center;\"><a id=\"ms\"><\/a><strong>Maths sciences<\/strong><\/p>\n<p><strong><\/strong>&#8211; Faire le point sur la recherche sur l\u2019enseignement des math\u00e9matiques\u00a0: <a href=\"http:\/\/www.univ-irem.fr\/\">Portail des IREM<\/a><\/p>\n<p>&#8211;\u00a0<a href=\"http:\/\/www.pearltrees.com\/#\/N-s=1_2805795&amp;N-play=0&amp;N-fa=2805795&amp;N-u=1_283612&amp;N-p=20708875&amp;N-f=1_2805795\">Sites de professeurs de math\u00e9matiques coll\u00e8ge et lyc\u00e9e<\/a><\/p>\n<p>&#8211;\u00a0<a href=\"http:\/\/www.fondation-lamap.org\/projets\">Les projets th\u00e9matiques de la fondation La Main \u00e0 la p\u00e2te<\/a><\/p>\n<p>&#8211;\u00a0<a href=\"http:\/\/www.lespetitsdebrouillards.org\/\">Les petits d\u00e9brouillards<\/a><\/p>\n<p>&#8211;\u00a0<a href=\"http:\/\/reseauecoleetnature.org\/\">Le r\u00e9seau \u00c9cole et nature<\/a><\/p>\n<p>&#8211;\u00a0<a href=\"http:\/\/www.maisons-pour-la-science.org\/\">Les maisons pour la science au service des professeurs<\/a><\/p>\n<p style=\"text-align: right;\"><a href=\"#haut\">Revenir au sommaire<\/a><\/p>\n<p>&nbsp;<\/p>\n<p>&nbsp;<\/p>\n<p style=\"text-align: center;\"><strong>_________________________________________<\/strong><\/p>\n<p style=\"text-align: center;\"><a id=\"art\"><\/a><strong>Arts<\/strong><\/p>\n<p>&#8211; Les <a href=\"http:\/\/www.cafepedagogique.net\/lesdossiers\/Pages\/2013\/indis2013_artsplas.aspx\">Incontournables<\/a> du Caf\u00e9 p\u00e9dagogique pour les arts plastiques<\/p>\n<p><a href=\"http:\/\/www.cafepedagogique.net\/lesdossiers\/Pages\/2013\/indis2013_musique.aspx\">&#8211; Idem<\/a> pour la musique<\/p>\n<p>&#8211; Vous cherchez des <a href=\"http:\/\/clioweb.free.fr\/art\/hda-sites-images-cw.pdf\">sites d\u2019images<\/a> et plus sp\u00e9cialement pour l\u2019histoire des arts, <a href=\"http:\/\/blog.apahau.org\/category\/signets\/sites-dimages\/\">avec des apports didactiques<\/a><\/p>\n<p>&#8211; \u00a0Des ressources concernant les arts visuels\u00a0: Une webTV qui propose une nouvelle \u00e9mission toutes les semaines.<\/p>\n<p style=\"text-align: right;\"><a href=\"#haut\">Revenir au sommaire<\/a><\/p>\n<p style=\"text-align: center;\"><strong>_________________________________________<\/strong><\/p>\n<p style=\"text-align: center;\"><a id=\"flit\"><\/a><strong>Fran\u00e7ais-litt\u00e9ratures<\/strong><\/p>\n<p><a href=\"http:\/\/www.weblettres.net\/index.php\">&#8211; <strong>Portail WebLettres<\/strong><\/a><\/p>\n<p>&#8211;<strong>\u00a0<a href=\"http:\/\/www.ecoledeslettres.fr\/\">L\u2019\u00e9cole des lettres<\/a><\/strong> existe pour l\u2019\u00e9cole primaire, le coll\u00e8ge et le lyc\u00e9e. Vous cherchez <a href=\"http:\/\/www.ecoledeslettres.fr\/pages_html_edl\/public\/sommaire\/sommaires_2012_2013\/1_2012_2013\/1b_lectures-pour-les-collegiens.pdf\">la liste des titres de litt\u00e9rature jeunesse<\/a> recommand\u00e9e pour les coll\u00e9giens<\/p>\n<p>&#8211; Vous cherchez <a href=\"http:\/\/www.eonautes.com\/fr\/eonautes-serious-game-fle.html\">un jeu s\u00e9rieux pour d\u00e9couvrir le fran\u00e7ais<\/a> (FLE)<\/p>\n<p>&#8211; Enseigner la narration \u00e0 l&rsquo;\u00e8re num\u00e9rique (<a href=\"http:\/\/www.cahiers-pedagogiques.com\/Enseigner-la-narration-a-l-ere-numerique\">Cahiers p\u00e9dagogiques<\/a>)<\/p>\n<p style=\"text-align: right;\"><a href=\"#haut\">Revenir au sommaire<\/a><\/p>\n<p style=\"text-align: center;\"><strong>_________________________________________<\/strong><\/p>\n<p style=\"text-align: center;\"><a id=\"ss\"><\/a><strong>Sciences sociales<\/strong><\/p>\n<p style=\"text-align: left;\">&#8211; Une galaxie de ressources\u00a0: Les Clionautes, Histoire-G\u00e9o et TICE d\u00e9clin\u00e9es pour le coll\u00e8ge, le lyc\u00e9e\u2026 Ils disposent aussi d\u2019un espace <a href=\"http:\/\/www.netvibes.com\/clionautes#Les_Clionautes\">Netvibes<\/a><br \/>\n&#8211; Vous souhaitez <a href=\"http:\/\/www.le-cartographe.net\/\">travailler sur des cartes<\/a><br \/>\n&#8211;\u00a0Vous cherchez une revue de tweets en histoire-g\u00e9ographie\u00a0: <a href=\"http:\/\/www.scoop.it\/u\/gduboz\">Le scoop-it<\/a> d&rsquo;une professeure d&rsquo;histoire-g\u00e9ographie<\/p>\n<p>&#8211;\u00a0Vous souhaitez y voir plus clair sur les relations entre la g\u00e9ographie et l&rsquo;histoire : l&rsquo;association de deux disciplines qui s&rsquo;ignorent ? Un article de la <strong><a href=\"http:\/\/echogeo.revues.org\/13297\">Revue Espaces-Temps<\/a><\/strong><\/p>\n<p style=\"text-align: right;\"><a href=\"#haut\">Revenir au sommaire<\/a><\/p>\n<p style=\"text-align: center;\"><strong>_________________________________________<\/strong><\/p>\n<p style=\"text-align: center;\"><a id=\"cnemi\"><\/a><strong>Culture num\u00e9rique, \u00e9ducation aux m\u00e9dias et \u00e0 l\u2019information<\/strong><\/p>\n<p>&#8211; Le site de r\u00e9f\u00e9rence de l\u2019\u00e9ducation aux m\u00e9dias <a href=\"http:\/\/www.clemi.org\/\">au niveau national<\/a> et <a href=\"http:\/\/www.ac-rennes.fr\/jahia\/Jahia\/lang\/fr\/pid\/3209\">r\u00e9gional\u00a0<\/a>:<\/p>\n<p>&#8211; Vous souhaitez faire le point sur <a href=\"http:\/\/www.enfance-majuscule.com\/LaRevueEdito.php?Numero=129&amp;Annee=2013&amp;Mois=Mars-Avril\">l\u2019enfant et les \u00e9crans\u00a0<\/a>: La revue Enfance majuscule n\u00b0 129, mars-avril 2013 est un point de d\u00e9part<\/p>\n<p>&#8211; Si vous voulez approfondir la th\u00e9matique <a href=\"http:\/\/www.omnsh.org\/ressources\">des jeux vid\u00e9os<\/a>, consultez les contributions disponibles sur le site de l&rsquo;OMNSH (Observatoire des mondes num\u00e9riques en sciences humaines)<\/p>\n<p>&#8211;\u00a0<a href=\"http:\/\/france.emc.com\/presentations\/cp-etude-rsa-ifop.pdf\">Nos ados sont-ils vigilants sur le NET ?<\/a> Quelques \u00e9l\u00e9ments de r\u00e9ponse dans les r\u00e9sultats d&rsquo;une \u00e9tude r\u00e9alis\u00e9e par l&rsquo;IFOP sur les usages qu&rsquo;ont en France les adolescents et leurs parents. Une <a href=\"http:\/\/eduscol.education.fr\/numerique\/actualites\/veille-education-numerique\/avril-2013\/usages-et-perceptions-internet\">synth\u00e8se<\/a> des r\u00e9sultats propos\u00e9e sur EDUSCOL<\/p>\n<p>&#8211; Des \u00e9l\u00e9ments de veille juridique\u00a0: la <a href=\"http:\/\/www.ac-nancy-metz.fr\/ia54\/cgi-bin\/veille\/\">Veille juridique de Inspection acad\u00e9mique de Meurthe et Moselle<\/a> (un exemple parmi d\u2019autres), mais aussi l&rsquo;ESEN qui propose des choix de \u00a0sc\u00e9narisation dans ce domaine <a href=\"http:\/\/fabrique.pairformance.education.fr\/index.php\/documentation\/videos_juridiques\">(Pairform@nce).<\/a><\/p>\n<p>D&rsquo;un point de vue plus global, on peut ajouter le site de <strong>l<\/strong><a href=\"http:\/\/www.cndp.fr\/agence-usages-tice\/\"><strong>&lsquo;agence nationale des usages des Tice<\/strong><\/a>\u00a0ainsi que celui de la\u00a0<strong><a href=\"http:\/\/www.jeunes.cnil.fr\/\">Cnil jeunes<\/a>, <\/strong>et de l&rsquo;association<strong> <a href=\"http:\/\/www.internetsanscrainte.fr\/\">Internet sans crainte<\/a>.<\/strong><\/p>\n<p style=\"text-align: right;\"><a href=\"#haut\">Revenir au sommaire<\/a><\/p>\n<p><strong>_________________________________________<\/strong><\/p>\n<p style=\"text-align: center;\"><a id=\"docu\"><\/a><strong>Documentation<\/strong><\/p>\n<p>Cette rubrique nous semble tr\u00e8s transversale et les ressources que nous y pointons peuvent \u00eatre utiles \u00e0 tous les enseignants. Elles seront bien entendu \u00e9galement fort utiles aux professeurs-documentalistes en formation.<\/p>\n<p><span style=\"font-size: 13px;\">Le <\/span><a style=\"font-size: 13px;\" href=\"http:\/\/www.eprofsdocs.fr\/\">sommaire de ce site<\/a><span style=\"font-size: 13px;\"> illustre bien ces propos, tant il se pose comme site de veille g\u00e9n\u00e9raliste.<\/span><\/p>\n<p>De m\u00eame, le site <a href=\"http:\/\/www.cndp.fr\/savoirscdi\/\">Savoirscdi<\/a> \u00a0propose de nombreux dossiers int\u00e9ressent tous les enseignants (par exemple les droits d&rsquo;auteur ou \u00a0sa culture juridique).<\/p>\n<p>Pour terminer, nous donnons \u00e0 \u00a0voir deux des laboratoires o\u00f9 s&rsquo;\u00e9labore collectivement une didactique de l&rsquo;EMI (\u00e9ducation aux m\u00e9dias et \u00e0 l&rsquo;information) : <a href=\"http:\/\/www.culturedel.info\/cactusacide\/\">Cactus acide<\/a> et <a href=\"http:\/\/docpourdocs.fr\/\">Docpourdocs.<\/a><\/p>\n<p style=\"text-align: right;\"><a href=\"#haut\">Revenir au sommaire<\/a><\/p>\n","protected":false},"excerpt":{"rendered":"<p>Les ressources sont pr\u00e9sent\u00e9es ici d\u2019une mani\u00e8re particuli\u00e8re\u00a0: en partant de questions concr\u00e8tes que peuvent se poser les \u00e9tudiants en formation. Il leur restera bien s\u00fbr \u00e0 transf\u00e9rer ces demandes pour les adapter \u00e0 leur probl\u00e9matique du moment. Une structuration en rubriques est cependant propos\u00e9e, en tenant compte des remarques faites dans la section pr\u00e9c\u00e9dente. [&hellip;]<\/p>\n","protected":false},"author":9,"featured_media":0,"parent":15,"menu_order":0,"comment_status":"open","ping_status":"open","template":"","meta":{"_acf_changed":false,"footnotes":""},"class_list":["post-71","page","type-page","status-publish","hentry"],"acf":[],"_links":{"self":[{"href":"http:\/\/www.ressources.univ-rennes2.fr\/cultures-numeriques-dans-l-enseignement\/veille\/wp-json\/wp\/v2\/pages\/71","targetHints":{"allow":["GET"]}}],"collection":[{"href":"http:\/\/www.ressources.univ-rennes2.fr\/cultures-numeriques-dans-l-enseignement\/veille\/wp-json\/wp\/v2\/pages"}],"about":[{"href":"http:\/\/www.ressources.univ-rennes2.fr\/cultures-numeriques-dans-l-enseignement\/veille\/wp-json\/wp\/v2\/types\/page"}],"author":[{"embeddable":true,"href":"http:\/\/www.ressources.univ-rennes2.fr\/cultures-numeriques-dans-l-enseignement\/veille\/wp-json\/wp\/v2\/users\/9"}],"replies":[{"embeddable":true,"href":"http:\/\/www.ressources.univ-rennes2.fr\/cultures-numeriques-dans-l-enseignement\/veille\/wp-json\/wp\/v2\/comments?post=71"}],"version-history":[{"count":64,"href":"http:\/\/www.ressources.univ-rennes2.fr\/cultures-numeriques-dans-l-enseignement\/veille\/wp-json\/wp\/v2\/pages\/71\/revisions"}],"predecessor-version":[{"id":667,"href":"http:\/\/www.ressources.univ-rennes2.fr\/cultures-numeriques-dans-l-enseignement\/veille\/wp-json\/wp\/v2\/pages\/71\/revisions\/667"}],"up":[{"embeddable":true,"href":"http:\/\/www.ressources.univ-rennes2.fr\/cultures-numeriques-dans-l-enseignement\/veille\/wp-json\/wp\/v2\/pages\/15"}],"wp:attachment":[{"href":"http:\/\/www.ressources.univ-rennes2.fr\/cultures-numeriques-dans-l-enseignement\/veille\/wp-json\/wp\/v2\/media?parent=71"}],"curies":[{"name":"wp","href":"https:\/\/api.w.org\/{rel}","templated":true}]}}