{"id":818,"date":"2013-08-21T21:12:35","date_gmt":"2013-08-21T20:12:35","guid":{"rendered":"http:\/\/www.ressources.univ-rennes2.fr\/cultures-numeriques-dans-l-enseignement\/veille\/?page_id=818"},"modified":"2013-08-22T18:42:33","modified_gmt":"2013-08-22T17:42:33","slug":"5-4-5-gerer-sa-bibliotheque","status":"publish","type":"page","link":"http:\/\/www.ressources.univ-rennes2.fr\/cultures-numeriques-dans-l-enseignement\/veille\/5-les-outils\/les-plateformes-de-partage-de-signets\/5-4-5-gerer-sa-bibliotheque\/","title":{"rendered":"5.4.5 G\u00e9rer sa biblioth\u00e8que de signets"},"content":{"rendered":"<p>Voici les principales op\u00e9rations \u00e0 ma\u00eetriser, pour bien g\u00e9rer sa biblioth\u00e8que de signets.<\/p>\n<p>Note :<b>\u00a0 <\/b>Diigo a proc\u00e9d\u00e9 en ao\u00fbt 2013 \u00e0 une refonte importante de son graphisme, de son logo, et a modifi\u00e9 quelques fonctionnalit\u00e9s<b>. <\/b>Les images correspondant \u00e0 l&rsquo;ancienne interface sont signal\u00e9es. <b><br \/>\n<\/b><\/p>\n<p>&nbsp;<\/p>\n<p><strong>A\/ D\u00e9coder la page d\u2019accueil de votre biblioth\u00e8que de signets <\/strong><\/p>\n<p><a href=\"http:\/\/www.ressources.univ-rennes2.fr\/cultures-numeriques-dans-l-enseignement\/veille\/wp-content\/uploads\/2013\/08\/2013-08-22_120537.png\"><img loading=\"lazy\" decoding=\"async\" class=\"aligncenter size-medium wp-image-836\" alt=\"2013-08-22_120537\" src=\"http:\/\/www.ressources.univ-rennes2.fr\/cultures-numeriques-dans-l-enseignement\/veille\/wp-content\/uploads\/2013\/08\/2013-08-22_120537-300x177.png\" width=\"300\" height=\"177\" srcset=\"http:\/\/www.ressources.univ-rennes2.fr\/cultures-numeriques-dans-l-enseignement\/veille\/wp-content\/uploads\/2013\/08\/2013-08-22_120537-300x177.png 300w, http:\/\/www.ressources.univ-rennes2.fr\/cultures-numeriques-dans-l-enseignement\/veille\/wp-content\/uploads\/2013\/08\/2013-08-22_120537.png 703w\" sizes=\"auto, (max-width: 300px) 100vw, 300px\" \/><\/a><\/p>\n<p><b>\u00a0<\/b><\/p>\n<p>&nbsp;<\/p>\n<p><strong>B\/ G\u00e9rer ses signets<br \/>\n<\/strong><\/p>\n<p>(ancienne interface)<b><a href=\"http:\/\/www.ressources.univ-rennes2.fr\/cultures-numeriques-dans-l-enseignement\/veille\/wp-content\/uploads\/2013\/08\/2013-08-15_164448.png\"><img loading=\"lazy\" decoding=\"async\" class=\"aligncenter size-medium wp-image-821\" alt=\"2013-08-15_164448\" src=\"http:\/\/www.ressources.univ-rennes2.fr\/cultures-numeriques-dans-l-enseignement\/veille\/wp-content\/uploads\/2013\/08\/2013-08-15_164448-300x188.png\" width=\"300\" height=\"188\" srcset=\"http:\/\/www.ressources.univ-rennes2.fr\/cultures-numeriques-dans-l-enseignement\/veille\/wp-content\/uploads\/2013\/08\/2013-08-15_164448-300x188.png 300w, http:\/\/www.ressources.univ-rennes2.fr\/cultures-numeriques-dans-l-enseignement\/veille\/wp-content\/uploads\/2013\/08\/2013-08-15_164448.png 679w\" sizes=\"auto, (max-width: 300px) 100vw, 300px\" \/><\/a><\/b><\/p>\n<p>A noter : sur la nouvelle interface (ao\u00fbt 2013), les fonctions d&rsquo;\u00e9dition apparaissent en affichage dynamique, lorsque l&rsquo;on passe la souris sur le signet.<\/p>\n<p>&nbsp;<\/p>\n<p><strong>C\/ Ma\u00eetriser les fonctions de recherche<\/strong><\/p>\n<p>Sur la nouvelle interface de Diigo, les fonctions de recherche sont d\u00e9sormais regroup\u00e9es sur un m\u00eame moteur de recherche.<\/p>\n<p><strong>Trois options de recherche<\/strong> sont propos\u00e9es, mais deux accessibles en version gratuite (<em>Tag Search<\/em> et<em> Meta\u00a0 Search<\/em>) :<\/p>\n<p>&nbsp;<\/p>\n<p><a href=\"http:\/\/www.ressources.univ-rennes2.fr\/cultures-numeriques-dans-l-enseignement\/veille\/wp-content\/uploads\/2013\/08\/2013-08-22_121124.png\"><img loading=\"lazy\" decoding=\"async\" class=\"aligncenter size-medium wp-image-839\" alt=\"2013-08-22_121124\" src=\"http:\/\/www.ressources.univ-rennes2.fr\/cultures-numeriques-dans-l-enseignement\/veille\/wp-content\/uploads\/2013\/08\/2013-08-22_121124-300x90.png\" width=\"300\" height=\"90\" srcset=\"http:\/\/www.ressources.univ-rennes2.fr\/cultures-numeriques-dans-l-enseignement\/veille\/wp-content\/uploads\/2013\/08\/2013-08-22_121124-300x90.png 300w, http:\/\/www.ressources.univ-rennes2.fr\/cultures-numeriques-dans-l-enseignement\/veille\/wp-content\/uploads\/2013\/08\/2013-08-22_121124.png 486w\" sizes=\"auto, (max-width: 300px) 100vw, 300px\" \/><\/a><\/p>\n<p>&nbsp;<\/p>\n<p>Pour chaque option, <strong>possibilit\u00e9 de recherche avanc\u00e9e,<\/strong> soit avec des requ\u00eates bool\u00e9ennes, soit avec un\u00a0 filtrage par champ<\/p>\n<p>&nbsp;<\/p>\n<p>&nbsp;<\/p>\n<p>&#8211; <strong>Tag Search :<\/strong><\/p>\n<p style=\"padding-left: 30px;\">&#8211; recherche uniquement sur les tags ;<\/p>\n<p style=\"padding-left: 30px;\">&#8211; la recherche avanc\u00e9e permet des requ\u00eates bool\u00e9ennes\u00a0(ET, OU, SAUF) :<\/p>\n<p style=\"padding-left: 30px;\"><a href=\"http:\/\/www.ressources.univ-rennes2.fr\/cultures-numeriques-dans-l-enseignement\/veille\/wp-content\/uploads\/2013\/08\/2013-08-22_122935.png\"><img loading=\"lazy\" decoding=\"async\" class=\"aligncenter size-medium wp-image-842\" alt=\"2013-08-22_122935\" src=\"http:\/\/www.ressources.univ-rennes2.fr\/cultures-numeriques-dans-l-enseignement\/veille\/wp-content\/uploads\/2013\/08\/2013-08-22_122935-300x219.png\" width=\"300\" height=\"219\" srcset=\"http:\/\/www.ressources.univ-rennes2.fr\/cultures-numeriques-dans-l-enseignement\/veille\/wp-content\/uploads\/2013\/08\/2013-08-22_122935-300x219.png 300w, http:\/\/www.ressources.univ-rennes2.fr\/cultures-numeriques-dans-l-enseignement\/veille\/wp-content\/uploads\/2013\/08\/2013-08-22_122935.png 411w\" sizes=\"auto, (max-width: 300px) 100vw, 300px\" \/><\/a><\/p>\n<p style=\"padding-left: 30px;\">&#8211; fonction d&rsquo;auto-compl\u00e9tion : saisie des premi\u00e8res lettres et affichage de tous les tags commen\u00e7ant par ces lettres :<\/p>\n<p><a href=\"http:\/\/www.ressources.univ-rennes2.fr\/cultures-numeriques-dans-l-enseignement\/veille\/wp-content\/uploads\/2013\/08\/2013-08-22_123211.png\"><img loading=\"lazy\" decoding=\"async\" class=\"aligncenter size-medium wp-image-841\" alt=\"2013-08-22_123211\" src=\"http:\/\/www.ressources.univ-rennes2.fr\/cultures-numeriques-dans-l-enseignement\/veille\/wp-content\/uploads\/2013\/08\/2013-08-22_123211-300x285.png\" width=\"300\" height=\"285\" srcset=\"http:\/\/www.ressources.univ-rennes2.fr\/cultures-numeriques-dans-l-enseignement\/veille\/wp-content\/uploads\/2013\/08\/2013-08-22_123211-300x285.png 300w, http:\/\/www.ressources.univ-rennes2.fr\/cultures-numeriques-dans-l-enseignement\/veille\/wp-content\/uploads\/2013\/08\/2013-08-22_123211.png 403w\" sizes=\"auto, (max-width: 300px) 100vw, 300px\" \/><\/a><\/p>\n<p>&nbsp;<\/p>\n<p>&#8211; <strong>Meta Search<\/strong> :<\/p>\n<p style=\"padding-left: 30px;\">&#8211; recherche sur le titre, l&rsquo;URL, les annotations et les tags de vos signets<\/p>\n<p style=\"padding-left: 30px;\">&#8211; dans la recherche avanc\u00e9e, possibilit\u00e9 de filtrage sur les Tags ou l&rsquo;URL<\/p>\n<p style=\"padding-left: 30px;\"><a href=\"http:\/\/www.ressources.univ-rennes2.fr\/cultures-numeriques-dans-l-enseignement\/veille\/wp-content\/uploads\/2013\/08\/2013-08-22_125701.png\"><img loading=\"lazy\" decoding=\"async\" class=\"aligncenter size-medium wp-image-843\" alt=\"2013-08-22_125701\" src=\"http:\/\/www.ressources.univ-rennes2.fr\/cultures-numeriques-dans-l-enseignement\/veille\/wp-content\/uploads\/2013\/08\/2013-08-22_125701-300x217.png\" width=\"300\" height=\"217\" srcset=\"http:\/\/www.ressources.univ-rennes2.fr\/cultures-numeriques-dans-l-enseignement\/veille\/wp-content\/uploads\/2013\/08\/2013-08-22_125701-300x217.png 300w, http:\/\/www.ressources.univ-rennes2.fr\/cultures-numeriques-dans-l-enseignement\/veille\/wp-content\/uploads\/2013\/08\/2013-08-22_125701.png 409w\" sizes=\"auto, (max-width: 300px) 100vw, 300px\" \/><\/a><\/p>\n<p>&nbsp;<\/p>\n<p>&#8211;<strong> Full text Search<\/strong> :<\/p>\n<p style=\"padding-left: 30px;\">&#8211; recherche sur le texte int\u00e9gral des signets<\/p>\n<p style=\"padding-left: 30px;\">&#8211; fonction de recherche accessible seulement en version payante<\/p>\n<p>&nbsp;<\/p>\n<p><strong>D\/ G\u00e9rer les modes <\/strong><strong>de filtrage et <\/strong><strong>d\u2019affichage\u00a0 des signets <\/strong><\/p>\n<p>Sur la nouvelle version de l&rsquo;interface, plusieurs possibilit\u00e9s de filtrage et d&rsquo;affichage des signets :<\/p>\n<p>&nbsp;<\/p>\n<p><a href=\"http:\/\/www.ressources.univ-rennes2.fr\/cultures-numeriques-dans-l-enseignement\/veille\/wp-content\/uploads\/2013\/08\/2013-08-22_131138.png\"><img loading=\"lazy\" decoding=\"async\" class=\"aligncenter size-medium wp-image-845\" alt=\"2013-08-22_131138\" src=\"http:\/\/www.ressources.univ-rennes2.fr\/cultures-numeriques-dans-l-enseignement\/veille\/wp-content\/uploads\/2013\/08\/2013-08-22_131138-300x93.png\" width=\"358\" height=\"111\" srcset=\"http:\/\/www.ressources.univ-rennes2.fr\/cultures-numeriques-dans-l-enseignement\/veille\/wp-content\/uploads\/2013\/08\/2013-08-22_131138-300x93.png 300w, http:\/\/www.ressources.univ-rennes2.fr\/cultures-numeriques-dans-l-enseignement\/veille\/wp-content\/uploads\/2013\/08\/2013-08-22_131138.png 893w\" sizes=\"auto, (max-width: 358px) 100vw, 358px\" \/><\/a><\/p>\n<p>&nbsp;<\/p>\n<p>&#8211; filtrage de tous les \u00e9l\u00e9ments, des signets marqu\u00e9s A lire (<em>Unread<\/em>), ou des signets ayant des annotations ;<\/p>\n<p>&#8211; filtrage des signets, ou des images ou des notes ;<\/p>\n<p>&#8211; filtrage des signets publics ou priv\u00e9s<\/p>\n<p>Attention : cliquer deux fois sur l&rsquo;op\u00e9rateur de filtrage pour le valider.<\/p>\n<p>&nbsp;<\/p>\n<p><strong>Deux modes d&rsquo;affichage des signets<\/strong> (et non plus trois) sont possibles :<strong><br \/>\n<\/strong><\/p>\n<p>&#8211; <em><strong>Expand<\/strong> <\/em>: affichage complet des signets (avec annotations, listes, etc.)<\/p>\n<p>&#8211; <strong><em>Collapse <\/em><\/strong>: affichage r\u00e9duit des signets<\/p>\n<p>Par ailleurs, possibilit\u00e9 d&rsquo;afficher les signets selon leur date de cr\u00e9ation (i.e. de sauvegarde sur Diigo) ou de mise \u00e0 jour.<\/p>\n<p><b><br \/>\n<\/b><\/p>\n<p><strong>E\/ Cr\u00e9er et g\u00e9rer des listes de signets<br \/>\n<\/strong><\/p>\n<p>Une liste permet de regrouper tous les signets sur un th\u00e8me pr\u00e9cis, de les rendre visibles, de les partager\u2026 C&rsquo;est une sous-partie de la\u00a0 biblioth\u00e8que de signets, avec une URL sp\u00e9cifique et p\u00e9renne (un<em> permalink<\/em>) ;<br \/>\nEx. : Liste <a href=\"https:\/\/www.diigo.com\/list\/aserres\/evaluation-information\" target=\"_blank\">Evaluation de l\u2019information<\/a><\/p>\n<p>Les listes sont l&rsquo;une des fonctionnalit\u00e9s les plus int\u00e9ressantes de Diigo, permettant de structurer sa biblioth\u00e8que de signets et de mieux diffuser les r\u00e9sultats d&rsquo;une veille th\u00e9matique.<\/p>\n<p>Un m\u00eame signet pourra appartenir \u00e0 plusieurs listes.<\/p>\n<p>&nbsp;<\/p>\n<p><b>\u00a0&#8211; Pour cr\u00e9er une liste :<\/b><\/p>\n<p style=\"padding-left: 30px;\">&#8211; dans<em> My Lists<\/em>, cliquer sur l&rsquo;ic\u00f4ne <em><strong>+List<\/strong><\/em><b><br \/>\n<\/b><\/p>\n<p style=\"padding-left: 30px;\">&#8211; remplir la fen\u00eatre qui s&rsquo;ouvre alors : nom de la liste, caract\u00e8re public ou priv\u00e9, br\u00e8ve description du contenu et de l&rsquo;objet de la liste.<\/p>\n<p>&nbsp;<\/p>\n<p>&#8211;\u00a0 <b>Pour ajouter des signets dans une liste :<br \/>\n<\/b><\/p>\n<p>Deux possibilit\u00e9s :<\/p>\n<p style=\"padding-left: 30px;\">&#8211; \u00e0 la vol\u00e9e, au moment du bookmarking d&rsquo;une ressource : cocher la case <em>Add to a List<\/em> et choisir la liste<\/p>\n<p style=\"padding-left: 30px;\"><a href=\"http:\/\/www.ressources.univ-rennes2.fr\/cultures-numeriques-dans-l-enseignement\/veille\/wp-content\/uploads\/2013\/08\/2013-08-22_170115.png\"><img loading=\"lazy\" decoding=\"async\" class=\"aligncenter size-medium wp-image-847\" alt=\"2013-08-22_170115\" src=\"http:\/\/www.ressources.univ-rennes2.fr\/cultures-numeriques-dans-l-enseignement\/veille\/wp-content\/uploads\/2013\/08\/2013-08-22_170115-300x111.png\" width=\"300\" height=\"111\" srcset=\"http:\/\/www.ressources.univ-rennes2.fr\/cultures-numeriques-dans-l-enseignement\/veille\/wp-content\/uploads\/2013\/08\/2013-08-22_170115-300x111.png 300w, http:\/\/www.ressources.univ-rennes2.fr\/cultures-numeriques-dans-l-enseignement\/veille\/wp-content\/uploads\/2013\/08\/2013-08-22_170115.png 477w\" sizes=\"auto, (max-width: 300px) 100vw, 300px\" \/><\/a><\/p>\n<p style=\"padding-left: 30px;\">&#8211; de mani\u00e8re r\u00e9trospective :<\/p>\n<p style=\"padding-left: 60px;\">&#8211; demander l&rsquo;affichage en mode complet (Expand)<\/p>\n<p style=\"padding-left: 60px;\">&#8211; rechercher tous les signets correspondant au th\u00e8me de la liste, par exemple par une recherche sur un tag significatif de la liste ;<\/p>\n<p style=\"padding-left: 60px;\">&#8211; v\u00e9rifier les signets et cocher ceux que vous voulez placer dans la liste, ou cocher toute la liste (case en haut \u00e0 gauche)<\/p>\n<p style=\"padding-left: 60px;\">&#8211; cocher la case <em>Add to List<\/em>, et s\u00e9lectionnez la liste ;<\/p>\n<p style=\"padding-left: 60px;\"><a href=\"http:\/\/www.ressources.univ-rennes2.fr\/cultures-numeriques-dans-l-enseignement\/veille\/wp-content\/uploads\/2013\/08\/2013-08-22_170607.png\"><img loading=\"lazy\" decoding=\"async\" class=\"aligncenter size-medium wp-image-848\" alt=\"2013-08-22_170607\" src=\"http:\/\/www.ressources.univ-rennes2.fr\/cultures-numeriques-dans-l-enseignement\/veille\/wp-content\/uploads\/2013\/08\/2013-08-22_170607-300x48.png\" width=\"300\" height=\"48\" srcset=\"http:\/\/www.ressources.univ-rennes2.fr\/cultures-numeriques-dans-l-enseignement\/veille\/wp-content\/uploads\/2013\/08\/2013-08-22_170607-300x48.png 300w, http:\/\/www.ressources.univ-rennes2.fr\/cultures-numeriques-dans-l-enseignement\/veille\/wp-content\/uploads\/2013\/08\/2013-08-22_170607.png 410w\" sizes=\"auto, (max-width: 300px) 100vw, 300px\" \/><\/a><\/p>\n<p>&#8211;<\/p>\n<p>&nbsp;<\/p>\n<p><b>\u00a0<\/b><\/p>\n<p><b>\u00a0<\/b><\/p>\n<p><b>Exercice propos\u00e9\u00a0: <\/b>A partir des signets de votre biblioth\u00e8que, faire une liste sur une th\u00e9matique pr\u00e9cise de l\u2019\u00e9ducation<\/p>\n<p>&nbsp;<\/p>\n","protected":false},"excerpt":{"rendered":"<p>Voici les principales op\u00e9rations \u00e0 ma\u00eetriser, pour bien g\u00e9rer sa biblioth\u00e8que de signets. Note :\u00a0 Diigo a proc\u00e9d\u00e9 en ao\u00fbt 2013 \u00e0 une refonte importante de son graphisme, de son logo, et a modifi\u00e9 quelques fonctionnalit\u00e9s. Les images correspondant \u00e0 l&rsquo;ancienne interface sont signal\u00e9es. &nbsp; A\/ D\u00e9coder la page d\u2019accueil de votre biblioth\u00e8que de signets [&hellip;]<\/p>\n","protected":false},"author":5,"featured_media":0,"parent":79,"menu_order":0,"comment_status":"open","ping_status":"open","template":"","meta":{"_acf_changed":false,"footnotes":""},"class_list":["post-818","page","type-page","status-publish","hentry"],"acf":[],"_links":{"self":[{"href":"http:\/\/www.ressources.univ-rennes2.fr\/cultures-numeriques-dans-l-enseignement\/veille\/wp-json\/wp\/v2\/pages\/818","targetHints":{"allow":["GET"]}}],"collection":[{"href":"http:\/\/www.ressources.univ-rennes2.fr\/cultures-numeriques-dans-l-enseignement\/veille\/wp-json\/wp\/v2\/pages"}],"about":[{"href":"http:\/\/www.ressources.univ-rennes2.fr\/cultures-numeriques-dans-l-enseignement\/veille\/wp-json\/wp\/v2\/types\/page"}],"author":[{"embeddable":true,"href":"http:\/\/www.ressources.univ-rennes2.fr\/cultures-numeriques-dans-l-enseignement\/veille\/wp-json\/wp\/v2\/users\/5"}],"replies":[{"embeddable":true,"href":"http:\/\/www.ressources.univ-rennes2.fr\/cultures-numeriques-dans-l-enseignement\/veille\/wp-json\/wp\/v2\/comments?post=818"}],"version-history":[{"count":14,"href":"http:\/\/www.ressources.univ-rennes2.fr\/cultures-numeriques-dans-l-enseignement\/veille\/wp-json\/wp\/v2\/pages\/818\/revisions"}],"predecessor-version":[{"id":828,"href":"http:\/\/www.ressources.univ-rennes2.fr\/cultures-numeriques-dans-l-enseignement\/veille\/wp-json\/wp\/v2\/pages\/818\/revisions\/828"}],"up":[{"embeddable":true,"href":"http:\/\/www.ressources.univ-rennes2.fr\/cultures-numeriques-dans-l-enseignement\/veille\/wp-json\/wp\/v2\/pages\/79"}],"wp:attachment":[{"href":"http:\/\/www.ressources.univ-rennes2.fr\/cultures-numeriques-dans-l-enseignement\/veille\/wp-json\/wp\/v2\/media?parent=818"}],"curies":[{"name":"wp","href":"https:\/\/api.w.org\/{rel}","templated":true}]}}