{"id":853,"date":"2013-08-22T19:01:37","date_gmt":"2013-08-22T18:01:37","guid":{"rendered":"http:\/\/www.ressources.univ-rennes2.fr\/cultures-numeriques-dans-l-enseignement\/veille\/?page_id=853"},"modified":"2013-08-22T19:18:33","modified_gmt":"2013-08-22T18:18:33","slug":"5-4-6-sinscrire-dans-un-reseau","status":"publish","type":"page","link":"http:\/\/www.ressources.univ-rennes2.fr\/cultures-numeriques-dans-l-enseignement\/veille\/5-les-outils\/les-plateformes-de-partage-de-signets\/5-4-6-sinscrire-dans-un-reseau\/","title":{"rendered":"5.4.6 S\u2019inscrire dans un r\u00e9seau"},"content":{"rendered":"<p>Une plateforme de partage de signets ne prend tout son sens que si l\u2019on s\u2019inscrit dans un r\u00e9seau (<em>Network<\/em>) d\u2019utilisateurs, c.a.d. si l\u2019on suit un certain nombre de comptes (vos abonnements, ou <em>followings<\/em>) et si votre compte est lui-m\u00eame suivi par d\u2019autres utilisateurs (vos abonn\u00e9s ou <em>followers<\/em>).<\/p>\n<p>&nbsp;<\/p>\n<p><strong>A\/ Pour trouver des comptes<\/strong><\/p>\n<p>Aller dans le menu <em>My Network<\/em>, et explorer les trois possibilit\u00e9s :<\/p>\n<p><a href=\"http:\/\/www.ressources.univ-rennes2.fr\/cultures-numeriques-dans-l-enseignement\/veille\/wp-content\/uploads\/2013\/08\/2013-08-15_165458.png\"><img loading=\"lazy\" decoding=\"async\" class=\"aligncenter size-medium wp-image-855\" alt=\"2013-08-15_165458\" src=\"http:\/\/www.ressources.univ-rennes2.fr\/cultures-numeriques-dans-l-enseignement\/veille\/wp-content\/uploads\/2013\/08\/2013-08-15_165458-300x189.png\" width=\"300\" height=\"189\" srcset=\"http:\/\/www.ressources.univ-rennes2.fr\/cultures-numeriques-dans-l-enseignement\/veille\/wp-content\/uploads\/2013\/08\/2013-08-15_165458-300x189.png 300w, http:\/\/www.ressources.univ-rennes2.fr\/cultures-numeriques-dans-l-enseignement\/veille\/wp-content\/uploads\/2013\/08\/2013-08-15_165458.png 693w\" sizes=\"auto, (max-width: 300px) 100vw, 300px\" \/><\/a><\/p>\n<p>&nbsp;<\/p>\n<p>&#8211;<strong> trouver des personnes par centres d&rsquo;int\u00e9r\u00eat<\/strong> <em>(Search Diigo users of interest<\/em>) : taper un terme pour trouver des personnes et filtrer ensuite selon les options propos\u00e9es (par tags, par sites, par noms, par URL). La recherche par tags est notamment int\u00e9ressante pour trouver des personnes partageant vos centres d&rsquo;int\u00e9r\u00eat, ou bien trouver des experts sur une th\u00e9matique.<\/p>\n<p><a href=\"http:\/\/www.ressources.univ-rennes2.fr\/cultures-numeriques-dans-l-enseignement\/veille\/wp-content\/uploads\/2013\/08\/2013-08-15_165523.png\"><img loading=\"lazy\" decoding=\"async\" class=\"aligncenter size-medium wp-image-856\" alt=\"2013-08-15_165523\" src=\"http:\/\/www.ressources.univ-rennes2.fr\/cultures-numeriques-dans-l-enseignement\/veille\/wp-content\/uploads\/2013\/08\/2013-08-15_165523-300x183.png\" width=\"300\" height=\"183\" srcset=\"http:\/\/www.ressources.univ-rennes2.fr\/cultures-numeriques-dans-l-enseignement\/veille\/wp-content\/uploads\/2013\/08\/2013-08-15_165523-300x183.png 300w, http:\/\/www.ressources.univ-rennes2.fr\/cultures-numeriques-dans-l-enseignement\/veille\/wp-content\/uploads\/2013\/08\/2013-08-15_165523.png 672w\" sizes=\"auto, (max-width: 300px) 100vw, 300px\" \/><\/a><\/p>\n<p>Il convient ensuite de consulter les comptes Diigo des personnes trouv\u00e9es, pour v\u00e9rifier si leur veille vous int\u00e9resse vraiment.<\/p>\n<p>&nbsp;<\/p>\n<p>&#8211; <strong>chercher parmi vos relations<\/strong> (<em>See if your friends are on Diigo<\/em>) :<\/p>\n<p><a href=\"http:\/\/www.ressources.univ-rennes2.fr\/cultures-numeriques-dans-l-enseignement\/veille\/wp-content\/uploads\/2013\/08\/2013-08-15_165511.png\"><img loading=\"lazy\" decoding=\"async\" class=\"aligncenter size-medium wp-image-857\" alt=\"2013-08-15_165511\" src=\"http:\/\/www.ressources.univ-rennes2.fr\/cultures-numeriques-dans-l-enseignement\/veille\/wp-content\/uploads\/2013\/08\/2013-08-15_165511-300x181.png\" width=\"300\" height=\"181\" srcset=\"http:\/\/www.ressources.univ-rennes2.fr\/cultures-numeriques-dans-l-enseignement\/veille\/wp-content\/uploads\/2013\/08\/2013-08-15_165511-300x181.png 300w, http:\/\/www.ressources.univ-rennes2.fr\/cultures-numeriques-dans-l-enseignement\/veille\/wp-content\/uploads\/2013\/08\/2013-08-15_165511.png 696w\" sizes=\"auto, (max-width: 300px) 100vw, 300px\" \/><\/a><\/p>\n<p>&nbsp;<\/p>\n<p>&#8211;<strong> inviter une personne pr\u00e9cise<\/strong> (<em>Invite yours friends<\/em>)<\/p>\n<p>&nbsp;<\/p>\n<p><strong>B\/ Pour suivre un compte<\/strong><\/p>\n<p>&nbsp;<\/p>\n<p><a href=\"http:\/\/www.ressources.univ-rennes2.fr\/cultures-numeriques-dans-l-enseignement\/veille\/wp-content\/uploads\/2013\/08\/2013-08-15_165535.png\"><img loading=\"lazy\" decoding=\"async\" class=\"aligncenter size-medium wp-image-860\" alt=\"2013-08-15_165535\" src=\"http:\/\/www.ressources.univ-rennes2.fr\/cultures-numeriques-dans-l-enseignement\/veille\/wp-content\/uploads\/2013\/08\/2013-08-15_165535-300x189.png\" width=\"300\" height=\"189\" srcset=\"http:\/\/www.ressources.univ-rennes2.fr\/cultures-numeriques-dans-l-enseignement\/veille\/wp-content\/uploads\/2013\/08\/2013-08-15_165535-300x189.png 300w, http:\/\/www.ressources.univ-rennes2.fr\/cultures-numeriques-dans-l-enseignement\/veille\/wp-content\/uploads\/2013\/08\/2013-08-15_165535.png 661w\" sizes=\"auto, (max-width: 300px) 100vw, 300px\" \/><\/a><\/p>\n<p>&nbsp;<\/p>\n<p>&nbsp;<\/p>\n<p><strong>C\/ Pour faire de la veille sur Diigo<\/strong><\/p>\n<p><a href=\"http:\/\/www.ressources.univ-rennes2.fr\/cultures-numeriques-dans-l-enseignement\/veille\/wp-content\/uploads\/2013\/08\/2013-08-15_165553.png\"><img loading=\"lazy\" decoding=\"async\" class=\"aligncenter size-medium wp-image-862\" alt=\"2013-08-15_165553\" src=\"http:\/\/www.ressources.univ-rennes2.fr\/cultures-numeriques-dans-l-enseignement\/veille\/wp-content\/uploads\/2013\/08\/2013-08-15_165553-300x178.png\" width=\"300\" height=\"178\" srcset=\"http:\/\/www.ressources.univ-rennes2.fr\/cultures-numeriques-dans-l-enseignement\/veille\/wp-content\/uploads\/2013\/08\/2013-08-15_165553-300x178.png 300w, http:\/\/www.ressources.univ-rennes2.fr\/cultures-numeriques-dans-l-enseignement\/veille\/wp-content\/uploads\/2013\/08\/2013-08-15_165553.png 687w\" sizes=\"auto, (max-width: 300px) 100vw, 300px\" \/><\/a><\/p>\n<p>&nbsp;<\/p>\n<p><strong>D\/ Pour r\u00e9cup\u00e9rer et partager des signets<\/strong><\/p>\n<p><a href=\"http:\/\/www.ressources.univ-rennes2.fr\/cultures-numeriques-dans-l-enseignement\/veille\/wp-content\/uploads\/2013\/08\/2013-08-15_165609.png\"><img loading=\"lazy\" decoding=\"async\" class=\"aligncenter size-medium wp-image-863\" alt=\"2013-08-15_165609\" src=\"http:\/\/www.ressources.univ-rennes2.fr\/cultures-numeriques-dans-l-enseignement\/veille\/wp-content\/uploads\/2013\/08\/2013-08-15_165609-300x189.png\" width=\"300\" height=\"189\" srcset=\"http:\/\/www.ressources.univ-rennes2.fr\/cultures-numeriques-dans-l-enseignement\/veille\/wp-content\/uploads\/2013\/08\/2013-08-15_165609-300x189.png 300w, http:\/\/www.ressources.univ-rennes2.fr\/cultures-numeriques-dans-l-enseignement\/veille\/wp-content\/uploads\/2013\/08\/2013-08-15_165609.png 676w\" sizes=\"auto, (max-width: 300px) 100vw, 300px\" \/><\/a><\/p>\n<p>&nbsp;<\/p>\n","protected":false},"excerpt":{"rendered":"<p>Une plateforme de partage de signets ne prend tout son sens que si l\u2019on s\u2019inscrit dans un r\u00e9seau (Network) d\u2019utilisateurs, c.a.d. si l\u2019on suit un certain nombre de comptes (vos abonnements, ou followings) et si votre compte est lui-m\u00eame suivi par d\u2019autres utilisateurs (vos abonn\u00e9s ou followers). &nbsp; A\/ Pour trouver des comptes Aller dans [&hellip;]<\/p>\n","protected":false},"author":5,"featured_media":0,"parent":79,"menu_order":0,"comment_status":"open","ping_status":"open","template":"","meta":{"_acf_changed":false,"footnotes":""},"class_list":["post-853","page","type-page","status-publish","hentry"],"acf":[],"_links":{"self":[{"href":"http:\/\/www.ressources.univ-rennes2.fr\/cultures-numeriques-dans-l-enseignement\/veille\/wp-json\/wp\/v2\/pages\/853","targetHints":{"allow":["GET"]}}],"collection":[{"href":"http:\/\/www.ressources.univ-rennes2.fr\/cultures-numeriques-dans-l-enseignement\/veille\/wp-json\/wp\/v2\/pages"}],"about":[{"href":"http:\/\/www.ressources.univ-rennes2.fr\/cultures-numeriques-dans-l-enseignement\/veille\/wp-json\/wp\/v2\/types\/page"}],"author":[{"embeddable":true,"href":"http:\/\/www.ressources.univ-rennes2.fr\/cultures-numeriques-dans-l-enseignement\/veille\/wp-json\/wp\/v2\/users\/5"}],"replies":[{"embeddable":true,"href":"http:\/\/www.ressources.univ-rennes2.fr\/cultures-numeriques-dans-l-enseignement\/veille\/wp-json\/wp\/v2\/comments?post=853"}],"version-history":[{"count":4,"href":"http:\/\/www.ressources.univ-rennes2.fr\/cultures-numeriques-dans-l-enseignement\/veille\/wp-json\/wp\/v2\/pages\/853\/revisions"}],"predecessor-version":[{"id":859,"href":"http:\/\/www.ressources.univ-rennes2.fr\/cultures-numeriques-dans-l-enseignement\/veille\/wp-json\/wp\/v2\/pages\/853\/revisions\/859"}],"up":[{"embeddable":true,"href":"http:\/\/www.ressources.univ-rennes2.fr\/cultures-numeriques-dans-l-enseignement\/veille\/wp-json\/wp\/v2\/pages\/79"}],"wp:attachment":[{"href":"http:\/\/www.ressources.univ-rennes2.fr\/cultures-numeriques-dans-l-enseignement\/veille\/wp-json\/wp\/v2\/media?parent=853"}],"curies":[{"name":"wp","href":"https:\/\/api.w.org\/{rel}","templated":true}]}}