{"id":890,"date":"2013-09-17T16:50:34","date_gmt":"2013-09-17T15:50:34","guid":{"rendered":"http:\/\/www.ressources.univ-rennes2.fr\/cultures-numeriques-dans-l-enseignement\/veille\/?page_id=890"},"modified":"2013-09-18T18:00:28","modified_gmt":"2013-09-18T17:00:28","slug":"3-5-1-collecter-des-documents-par-alerte-mail","status":"publish","type":"page","link":"http:\/\/www.ressources.univ-rennes2.fr\/cultures-numeriques-dans-l-enseignement\/veille\/3-les-methodes\/collecter-et-stocker\/3-5-1-collecter-des-documents-par-alerte-mail\/","title":{"rendered":"3.5.1 Collecter des documents par alerte mail"},"content":{"rendered":"<p>Il existe plusieurs moyens de mettre en oeuvre une strat\u00e9gie de collecte actualis\u00e9e de documents.<\/p>\n<p>&nbsp;<\/p>\n<p>Bien s\u00fbr, l&rsquo;abonnement par messagerie aux Newsletters des sites qui proposent ce service \u00e0 leurs usagers sera un moyen pertinent de veille : cela sera particuli\u00e8rement utile dans le cas de sites institutionnels, officiels, pour suivre par exemple l&rsquo;actualit\u00e9 professionnelle.<\/p>\n<p>Mais si l&rsquo;on veut par exemple surveiller les ressources et les publications dans le domaine de la p\u00e9dagogie ou encore de la didactique d&rsquo;une discipline, il peut \u00eatre int\u00e9ressant de mettre en place une ou plusieurs alertes sur une requ\u00eate web, sur des bases de donn\u00e9es bibliographiques, sur des moteurs de recherche de la litt\u00e9rature scientifique, sur des plateformes d&rsquo;agr\u00e9gation de revues scientifiques, ou encore sur des sites web sp\u00e9cialis\u00e9s.<\/p>\n<p>&nbsp;<\/p>\n<p><strong>Qu&rsquo;est-ce qu&rsquo;une alerte ?<\/strong><\/p>\n<p>Comme son nom l&rsquo;indique, il s&rsquo;agit de la possibilit\u00e9 d&rsquo;\u00eatre alert\u00e9, inform\u00e9 chaque fois qu&rsquo;apparaissent de nouveaux documents correspondant au besoin informationnel que l&rsquo;on a d\u00e9fini pr\u00e9alablement.<\/p>\n<p>&nbsp;<\/p>\n<p>On parlera d&rsquo;alerte mail lorsque l&rsquo;annonce de nouveaux documents pertinents se fait par voie de messagerie; les fonctions d&rsquo;alerte peuvent aussi proposer la cr\u00e9ation d&rsquo;un fil de nouvelles (fil RSS).<\/p>\n<p>&nbsp;<\/p>\n<p><strong>L&rsquo;alerte mail concernera selon les cas :<\/strong><\/p>\n<p>&nbsp;<\/p>\n<p>&#8211; <strong>des pages web r\u00e9pondant \u00e0 une requ\u00eate<\/strong> par mot cl\u00e9 et permettra de surveiller le web sur un sujet donn\u00e9, par exemple avec Google Alertes<\/p>\n<p>&nbsp;<\/p>\n<p>&#8211; <strong>la publication de nouveaux articles sur un sujet sp\u00e9cifique<\/strong> : on cr\u00e9era alors une alerte \u00e0 partir d&rsquo;une requ\u00eate par mot cl\u00e9 (par exemple dans la base ERIC en Sciences de l&rsquo;\u00e9ducation, dans un moteur de recherche scientifique comme Google Scholar, ou encore sur un portail de revues tel CAIRN); il faut dans ce cas saisir un profil de recherche (requ\u00eate) et indiquer la fr\u00e9quence de l&rsquo;alerte, ainsi que son adresse mail.<\/p>\n<p>Les ressources documentaires (bases de donn\u00e9es, plateformes de revues, moteurs du web) permettent souvent de cr\u00e9er sur leur interface des espaces personnels destin\u00e9s \u00e0 recevoir les alertes; cela n\u00e9cessite la cr\u00e9ation d&rsquo;un compte personnel permettant de g\u00e9rer les alertes.<\/p>\n<p>&nbsp;<\/p>\n<p>&#8211; <strong>la publication de nouveaux num\u00e9ros de revues ou de collections<\/strong> dans les domaines consid\u00e9r\u00e9s : alertes sur les titres de revues, sur les titres de collections, sur les titres d&rsquo;ouvrages; on cr\u00e9era dans ce cas une alerte sur la revue ou sur la collection (par consultation d&rsquo;un portail de revues, du site d&rsquo;une revue, etc.)<\/p>\n<p>&nbsp;<\/p>\n<p>&#8211; <strong>les nouveaut\u00e9s d&rsquo;un site web : c<\/strong>ertains services (Diphur, Update Scanner&#8230;) permettent en effet d&rsquo;alerter l&rsquo;usager chaque fois qu&rsquo;un site web re\u00e7oit une mise \u00e0 jour, sous la forme d&rsquo;un courrier \u00e9lectronique pr\u00e9cisant les \u00e9l\u00e9ments apparus ou modifi\u00e9s depuis la derni\u00e8re mise \u00e0 jour de la page web concern\u00e9e.<\/p>\n<p>&nbsp;<\/p>\n<p style=\"text-align: center;\"><em>Un exemple d&rsquo;alerte mail sur <a href=\"http:\/\/www.google.fr\" target=\"_blank\">Google<\/a> (Google Alertes)<\/em><\/p>\n<p style=\"text-align: center;\"><a href=\"http:\/\/www.ressources.univ-rennes2.fr\/cultures-numeriques-dans-l-enseignement\/veille\/wp-content\/uploads\/2013\/09\/alerteGoogle1.jpg\"><img loading=\"lazy\" decoding=\"async\" class=\"size-medium wp-image-970\" alt=\"alerteGoogle\" src=\"http:\/\/www.ressources.univ-rennes2.fr\/cultures-numeriques-dans-l-enseignement\/veille\/wp-content\/uploads\/2013\/09\/alerteGoogle1-300x171.jpg\" width=\"300\" height=\"171\" srcset=\"http:\/\/www.ressources.univ-rennes2.fr\/cultures-numeriques-dans-l-enseignement\/veille\/wp-content\/uploads\/2013\/09\/alerteGoogle1-300x171.jpg 300w, http:\/\/www.ressources.univ-rennes2.fr\/cultures-numeriques-dans-l-enseignement\/veille\/wp-content\/uploads\/2013\/09\/alerteGoogle1.jpg 622w\" sizes=\"auto, (max-width: 300px) 100vw, 300px\" \/><\/a><\/p>\n<p style=\"text-align: center;\"><!--[if !mso]><\/p>\n\n\n\n\n\n<style>\nv\\:* {behavior:url(#default#VML);}\no\\:* {behavior:url(#default#VML);}\nw\\:* {behavior:url(#default#VML);}\n.shape {behavior:url(#default#VML);}\n<\/style>\n\n<![endif]--><\/p>\n<p style=\"text-align: center;\">\n","protected":false},"excerpt":{"rendered":"<p>Il existe plusieurs moyens de mettre en oeuvre une strat\u00e9gie de collecte actualis\u00e9e de documents. &nbsp; Bien s\u00fbr, l&rsquo;abonnement par messagerie aux Newsletters des sites qui proposent ce service \u00e0 leurs usagers sera un moyen pertinent de veille : cela sera particuli\u00e8rement utile dans le cas de sites institutionnels, officiels, pour suivre par exemple l&rsquo;actualit\u00e9 [&hellip;]<\/p>\n","protected":false},"author":8,"featured_media":0,"parent":63,"menu_order":0,"comment_status":"open","ping_status":"open","template":"","meta":{"_acf_changed":false,"footnotes":""},"class_list":["post-890","page","type-page","status-publish","hentry"],"acf":[],"_links":{"self":[{"href":"http:\/\/www.ressources.univ-rennes2.fr\/cultures-numeriques-dans-l-enseignement\/veille\/wp-json\/wp\/v2\/pages\/890","targetHints":{"allow":["GET"]}}],"collection":[{"href":"http:\/\/www.ressources.univ-rennes2.fr\/cultures-numeriques-dans-l-enseignement\/veille\/wp-json\/wp\/v2\/pages"}],"about":[{"href":"http:\/\/www.ressources.univ-rennes2.fr\/cultures-numeriques-dans-l-enseignement\/veille\/wp-json\/wp\/v2\/types\/page"}],"author":[{"embeddable":true,"href":"http:\/\/www.ressources.univ-rennes2.fr\/cultures-numeriques-dans-l-enseignement\/veille\/wp-json\/wp\/v2\/users\/8"}],"replies":[{"embeddable":true,"href":"http:\/\/www.ressources.univ-rennes2.fr\/cultures-numeriques-dans-l-enseignement\/veille\/wp-json\/wp\/v2\/comments?post=890"}],"version-history":[{"count":16,"href":"http:\/\/www.ressources.univ-rennes2.fr\/cultures-numeriques-dans-l-enseignement\/veille\/wp-json\/wp\/v2\/pages\/890\/revisions"}],"predecessor-version":[{"id":893,"href":"http:\/\/www.ressources.univ-rennes2.fr\/cultures-numeriques-dans-l-enseignement\/veille\/wp-json\/wp\/v2\/pages\/890\/revisions\/893"}],"up":[{"embeddable":true,"href":"http:\/\/www.ressources.univ-rennes2.fr\/cultures-numeriques-dans-l-enseignement\/veille\/wp-json\/wp\/v2\/pages\/63"}],"wp:attachment":[{"href":"http:\/\/www.ressources.univ-rennes2.fr\/cultures-numeriques-dans-l-enseignement\/veille\/wp-json\/wp\/v2\/media?parent=890"}],"curies":[{"name":"wp","href":"https:\/\/api.w.org\/{rel}","templated":true}]}}