
{"id":409,"date":"2014-03-20T15:21:40","date_gmt":"2014-03-20T14:21:40","guid":{"rendered":"http:\/\/www.ressources.univ-rennes2.fr\/toujours-en-ramenant-la-plume\/?page_id=409"},"modified":"2014-06-23T09:54:07","modified_gmt":"2014-06-23T08:54:07","slug":"a-propos","status":"publish","type":"page","link":"http:\/\/www.ressources.univ-rennes2.fr\/toujours-en-ramenant-la-plume\/a-propos\/","title":{"rendered":"\u00e0 propos"},"content":{"rendered":"<p>Si le grand public n&rsquo;ignore plus, depuis les grandes r\u00e9trospectives qui ont \u00e9t\u00e9 depuis vingt ans consacr\u00e9es \u00e0 son \u0153uvre graphique, que Victor Hugo fut aussi un dessinateur exceptionnel, en revanche, dans le domaine de la recherche universitaire, ses dessins demeurent le plus souvent soigneusement distincts de la production de l&rsquo;homme de Lettres. Or, comment ne pas \u00eatre frapp\u00e9 des parent\u00e9s \u00e9troites existant entre le geste de la plume \u00e0 l&rsquo;encre qui, dans le m\u00eame temps, trace les signes de l&rsquo;\u00e9criture et impr\u00e8gne le papier de figures tant\u00f4t r\u00e9alistes, tant\u00f4t hallucin\u00e9es ?<\/p>\n<p>Le manuscrit que Victor Hugo avait r\u00e9alis\u00e9 pour les\u00a0<i>Travailleurs de la Mer\u00a0<\/i>fut, de cette remarquable symbiose, la manifestation \u00e9clatante. S&rsquo;il est impossible de le reconstituer (la Biblioth\u00e8que nationale, \u00e0 laquelle il fut l\u00e9gu\u00e9, a d\u00fb le d\u00e9membrer pour les besoins de la conservation des documents), toutefois ce web documentaire se donnera pour ambition de retrouver l&rsquo;esprit d&rsquo;une d\u00e9marche artistique complexe, dans laquelle po\u00e9sie et roman, \u00e9criture et dessin, m\u00e9ditation humaine et cr\u00e9ation divine (par l&rsquo;entremise de la figure mythique de la Mer) communient \u00e9troitement sous l&rsquo;esp\u00e8ce d&rsquo;un m\u00eame sens du Verbe.<\/p>\n<p>Ce webdocumentaire, dont le titre reprend une phrase \u00e9crite par Victor Hugo sur l&rsquo;un de ses dessins, est con\u00e7u de mani\u00e8re \u00e0 conjuguer les int\u00e9r\u00eats du public scolaire et universitaire en Litt\u00e9rature et en Art.<\/p>\n<p>Jean-Pierre Montier<\/p>\n","protected":false},"excerpt":{"rendered":"<p>Si le grand public n&rsquo;ignore plus, depuis les grandes r\u00e9trospectives qui ont \u00e9t\u00e9 depuis vingt ans consacr\u00e9es \u00e0 son \u0153uvre graphique, que Victor Hugo fut aussi un dessinateur exceptionnel, en revanche, dans le domaine de la recherche universitaire, ses dessins demeurent le plus souvent soigneusement distincts de la production de l&rsquo;homme de Lettres. Or, comment [&hellip;]<\/p>\n","protected":false},"author":2,"featured_media":0,"parent":0,"menu_order":0,"comment_status":"open","ping_status":"open","template":"","meta":{"_acf_changed":false,"jetpack_post_was_ever_published":false,"footnotes":""},"class_list":["post-409","page","type-page","status-publish","hentry"],"acf":[],"yoast_head":"<!-- This site is optimized with the Yoast SEO plugin v26.0 - https:\/\/yoast.com\/wordpress\/plugins\/seo\/ -->\n<title>\u00e0 propos - Toujours en ramenant la plume<\/title>\n<meta name=\"robots\" content=\"index, follow, max-snippet:-1, max-image-preview:large, max-video-preview:-1\" \/>\n<link rel=\"canonical\" href=\"http:\/\/www.ressources.univ-rennes2.fr\/toujours-en-ramenant-la-plume\/a-propos\/\" \/>\n<meta property=\"og:locale\" content=\"fr_FR\" \/>\n<meta property=\"og:type\" content=\"article\" \/>\n<meta property=\"og:title\" content=\"\u00e0 propos - Toujours en ramenant la plume\" \/>\n<meta property=\"og:description\" content=\"Si le grand public n&rsquo;ignore plus, depuis les grandes r\u00e9trospectives qui ont \u00e9t\u00e9 depuis vingt ans consacr\u00e9es \u00e0 son \u0153uvre graphique, que Victor Hugo fut aussi un dessinateur exceptionnel, en revanche, dans le domaine de la recherche universitaire, ses dessins demeurent le plus souvent soigneusement distincts de la production de l&rsquo;homme de Lettres. Or, comment [&hellip;]\" \/>\n<meta property=\"og:url\" content=\"http:\/\/www.ressources.univ-rennes2.fr\/toujours-en-ramenant-la-plume\/a-propos\/\" \/>\n<meta property=\"og:site_name\" content=\"Toujours en ramenant la plume\" \/>\n<meta property=\"article:modified_time\" content=\"2014-06-23T08:54:07+00:00\" \/>\n<meta name=\"twitter:label1\" content=\"Dur\u00e9e de lecture estim\u00e9e\" \/>\n\t<meta name=\"twitter:data1\" content=\"1 minute\" \/>\n<script type=\"application\/ld+json\" class=\"yoast-schema-graph\">{\"@context\":\"https:\/\/schema.org\",\"@graph\":[{\"@type\":\"WebPage\",\"@id\":\"http:\/\/www.ressources.univ-rennes2.fr\/toujours-en-ramenant-la-plume\/a-propos\/\",\"url\":\"http:\/\/www.ressources.univ-rennes2.fr\/toujours-en-ramenant-la-plume\/a-propos\/\",\"name\":\"\u00e0 propos - Toujours en ramenant la plume\",\"isPartOf\":{\"@id\":\"http:\/\/www.ressources.univ-rennes2.fr\/toujours-en-ramenant-la-plume\/#website\"},\"datePublished\":\"2014-03-20T14:21:40+00:00\",\"dateModified\":\"2014-06-23T08:54:07+00:00\",\"breadcrumb\":{\"@id\":\"http:\/\/www.ressources.univ-rennes2.fr\/toujours-en-ramenant-la-plume\/a-propos\/#breadcrumb\"},\"inLanguage\":\"fr-FR\",\"potentialAction\":[{\"@type\":\"ReadAction\",\"target\":[\"http:\/\/www.ressources.univ-rennes2.fr\/toujours-en-ramenant-la-plume\/a-propos\/\"]}]},{\"@type\":\"BreadcrumbList\",\"@id\":\"http:\/\/www.ressources.univ-rennes2.fr\/toujours-en-ramenant-la-plume\/a-propos\/#breadcrumb\",\"itemListElement\":[{\"@type\":\"ListItem\",\"position\":1,\"name\":\"Home\",\"item\":\"http:\/\/www.ressources.univ-rennes2.fr\/toujours-en-ramenant-la-plume\/\"},{\"@type\":\"ListItem\",\"position\":2,\"name\":\"\u00e0 propos\"}]},{\"@type\":\"WebSite\",\"@id\":\"http:\/\/www.ressources.univ-rennes2.fr\/toujours-en-ramenant-la-plume\/#website\",\"url\":\"http:\/\/www.ressources.univ-rennes2.fr\/toujours-en-ramenant-la-plume\/\",\"name\":\"Toujours en ramenant la plume\",\"description\":\"Les travailleurs de la mer\",\"potentialAction\":[{\"@type\":\"SearchAction\",\"target\":{\"@type\":\"EntryPoint\",\"urlTemplate\":\"http:\/\/www.ressources.univ-rennes2.fr\/toujours-en-ramenant-la-plume\/?s={search_term_string}\"},\"query-input\":{\"@type\":\"PropertyValueSpecification\",\"valueRequired\":true,\"valueName\":\"search_term_string\"}}],\"inLanguage\":\"fr-FR\"}]}<\/script>\n<!-- \/ Yoast SEO plugin. -->","yoast_head_json":{"title":"\u00e0 propos - Toujours en ramenant la plume","robots":{"index":"index","follow":"follow","max-snippet":"max-snippet:-1","max-image-preview":"max-image-preview:large","max-video-preview":"max-video-preview:-1"},"canonical":"http:\/\/www.ressources.univ-rennes2.fr\/toujours-en-ramenant-la-plume\/a-propos\/","og_locale":"fr_FR","og_type":"article","og_title":"\u00e0 propos - Toujours en ramenant la plume","og_description":"Si le grand public n&rsquo;ignore plus, depuis les grandes r\u00e9trospectives qui ont \u00e9t\u00e9 depuis vingt ans consacr\u00e9es \u00e0 son \u0153uvre graphique, que Victor Hugo fut aussi un dessinateur exceptionnel, en revanche, dans le domaine de la recherche universitaire, ses dessins demeurent le plus souvent soigneusement distincts de la production de l&rsquo;homme de Lettres. Or, comment [&hellip;]","og_url":"http:\/\/www.ressources.univ-rennes2.fr\/toujours-en-ramenant-la-plume\/a-propos\/","og_site_name":"Toujours en ramenant la plume","article_modified_time":"2014-06-23T08:54:07+00:00","twitter_misc":{"Dur\u00e9e de lecture estim\u00e9e":"1 minute"},"schema":{"@context":"https:\/\/schema.org","@graph":[{"@type":"WebPage","@id":"http:\/\/www.ressources.univ-rennes2.fr\/toujours-en-ramenant-la-plume\/a-propos\/","url":"http:\/\/www.ressources.univ-rennes2.fr\/toujours-en-ramenant-la-plume\/a-propos\/","name":"\u00e0 propos - Toujours en ramenant la plume","isPartOf":{"@id":"http:\/\/www.ressources.univ-rennes2.fr\/toujours-en-ramenant-la-plume\/#website"},"datePublished":"2014-03-20T14:21:40+00:00","dateModified":"2014-06-23T08:54:07+00:00","breadcrumb":{"@id":"http:\/\/www.ressources.univ-rennes2.fr\/toujours-en-ramenant-la-plume\/a-propos\/#breadcrumb"},"inLanguage":"fr-FR","potentialAction":[{"@type":"ReadAction","target":["http:\/\/www.ressources.univ-rennes2.fr\/toujours-en-ramenant-la-plume\/a-propos\/"]}]},{"@type":"BreadcrumbList","@id":"http:\/\/www.ressources.univ-rennes2.fr\/toujours-en-ramenant-la-plume\/a-propos\/#breadcrumb","itemListElement":[{"@type":"ListItem","position":1,"name":"Home","item":"http:\/\/www.ressources.univ-rennes2.fr\/toujours-en-ramenant-la-plume\/"},{"@type":"ListItem","position":2,"name":"\u00e0 propos"}]},{"@type":"WebSite","@id":"http:\/\/www.ressources.univ-rennes2.fr\/toujours-en-ramenant-la-plume\/#website","url":"http:\/\/www.ressources.univ-rennes2.fr\/toujours-en-ramenant-la-plume\/","name":"Toujours en ramenant la plume","description":"Les travailleurs de la mer","potentialAction":[{"@type":"SearchAction","target":{"@type":"EntryPoint","urlTemplate":"http:\/\/www.ressources.univ-rennes2.fr\/toujours-en-ramenant-la-plume\/?s={search_term_string}"},"query-input":{"@type":"PropertyValueSpecification","valueRequired":true,"valueName":"search_term_string"}}],"inLanguage":"fr-FR"}]}},"jetpack_sharing_enabled":true,"jetpack_shortlink":"https:\/\/wp.me\/P4A7En-6B","_links":{"self":[{"href":"http:\/\/www.ressources.univ-rennes2.fr\/toujours-en-ramenant-la-plume\/wp-json\/wp\/v2\/pages\/409","targetHints":{"allow":["GET"]}}],"collection":[{"href":"http:\/\/www.ressources.univ-rennes2.fr\/toujours-en-ramenant-la-plume\/wp-json\/wp\/v2\/pages"}],"about":[{"href":"http:\/\/www.ressources.univ-rennes2.fr\/toujours-en-ramenant-la-plume\/wp-json\/wp\/v2\/types\/page"}],"author":[{"embeddable":true,"href":"http:\/\/www.ressources.univ-rennes2.fr\/toujours-en-ramenant-la-plume\/wp-json\/wp\/v2\/users\/2"}],"replies":[{"embeddable":true,"href":"http:\/\/www.ressources.univ-rennes2.fr\/toujours-en-ramenant-la-plume\/wp-json\/wp\/v2\/comments?post=409"}],"version-history":[{"count":27,"href":"http:\/\/www.ressources.univ-rennes2.fr\/toujours-en-ramenant-la-plume\/wp-json\/wp\/v2\/pages\/409\/revisions"}],"predecessor-version":[{"id":795,"href":"http:\/\/www.ressources.univ-rennes2.fr\/toujours-en-ramenant-la-plume\/wp-json\/wp\/v2\/pages\/409\/revisions\/795"}],"wp:attachment":[{"href":"http:\/\/www.ressources.univ-rennes2.fr\/toujours-en-ramenant-la-plume\/wp-json\/wp\/v2\/media?parent=409"}],"curies":[{"name":"wp","href":"https:\/\/api.w.org\/{rel}","templated":true}]}}