
{"id":476,"date":"2014-04-09T13:43:37","date_gmt":"2014-04-09T12:43:37","guid":{"rendered":"http:\/\/www.ressources.univ-rennes2.fr\/toujours-en-ramenant-la-plume\/?page_id=476"},"modified":"2015-06-19T13:53:28","modified_gmt":"2015-06-19T12:53:28","slug":"en-savoir","status":"publish","type":"page","link":"http:\/\/www.ressources.univ-rennes2.fr\/toujours-en-ramenant-la-plume\/en-savoir\/","title":{"rendered":"En savoir +"},"content":{"rendered":"<p>Album Chenay. <em>Dessins de Victor Hugo grav\u00e9s par Paul Chenay<\/em>. [Texte de Th\u00e9ophile Gautier]\u00a0Paris: Castel, 1863.<\/p>\n<p>Album M\u00e9aulle. <em>Dessins de Victor Hugo. Les travailleurs de la mer<\/em>. [Les dessins de Victor Hugo\u00a0grav\u00e9s par F. M\u00e9aulle]. Paris: Atelier de reproductions artistiques, 1882.<\/p>\n<p>Blondel, Madeleine; Georgel, Pierre. (rec). <em>Victor Hugo et les images<\/em>. Colloque (1984: Dijon).\u00a0Dijon: Aux Amateurs de Livres, 1985.<\/p>\n<p><span style=\"line-height: 1.5em;\">Burty, Philippe. \u00abLes dessins de Victor Hugo\u00bb. Dans: L\u2019Art. Paris, 12 septembre 1875, pp. 32-38.<\/span><\/p>\n<p>&nbsp;<\/p>\n<p>Cornaille, Roger; Herscher, Georges; Picon, Ga\u00ebtan. <em>Victor Hugo dessinateur<\/em>. Paris: \u00c9ditions du\u00a0Minotaure. 1963.<\/p>\n<p><span style=\"line-height: 1.5em;\">Chirol, \u00c9lisabeth. <em>Le Mus\u00e9e Victor Hugo de Villequier<\/em> (Cat.) Rouen: Lecerf, 1982.<\/span><\/p>\n<p><span style=\"line-height: 1.5em;\">Daubray, C. <em>Victor Hugo et ses correspondants<\/em>. Paris: Albin Michel, 4 vol., 1947-1952.<\/span><\/p>\n<p>&nbsp;<\/p>\n<p>Delalande, Jean. <em>Victor Hugo dessinateur g\u00e9nial et hallucin\u00e9<\/em>. Paris: Nouvelles Editions Latines,\u00a01964.<\/p>\n<p><span style=\"line-height: 1.5em;\">Escholier, Raymond. <em>Victor Hugo artiste<\/em>. Paris: Cr\u00e8s, 1926.<\/span><\/p>\n<p>&nbsp;<\/p>\n<p>Focillon, Henri. \u00abLes dessins de Victor Hugo\u00bb. Dans : <em>Technique et Sentiment<\/em>, \u00c9tudes sur l\u2019Art\u00a0Moderne, Paris: Laurens, 1919.<\/p>\n<p>&nbsp;<\/p>\n<p>Gaudon, Jean. \u00abSouvenir de&#8230;\u00bb. Dans : <em>Victor Hugo et les images<\/em>. Colloque (1984: Dijon). Blondel,\u00a0Madeleine; Georgel, Pierre (rec.). Dijon: Aux Amateurs de Livres, 1985, pp. 152-167.<\/p>\n<p>&nbsp;<\/p>\n<p>Georgel, Pierre. <em>\u201cCet immense r\u00eave de l&rsquo;oc\u00e9an &#8230;\u201d. Paysages de mer et autres sujets marins par\u00a0Victor Hugo<\/em>. Paris: Paris-Mus\u00e9es, 2005.<\/p>\n<p>&nbsp;<\/p>\n<p>Georgel, Pierre. <em>Dessin de Victor Hugo<\/em>. Rouen: Lecerf, 1971. [Cat. Exp. 1971\/1972 Maison de\u00a0Victor Hugode Paris et Mus\u00e9e Victor Hugo de Villequier].<\/p>\n<p><span style=\"line-height: 1.5em;\">Georgel, Pierre. <em>Drawings by Victor Hugo<\/em> (Cat). Londres: Victoria and Albert Museum, 1974.<\/span><\/p>\n<p>&nbsp;<\/p>\n<p>Georgel, Pierre. \u00abHistoire d\u2019un \u201cpeintre malgr\u00e9 lui\u201d\u00bb: Victor Hugo, ses dessins et les autres\u00bb. Dans :\u00a0<em>Victor Hugo. \u0152uvres compl\u00e8tes<\/em>. Jean Massin (dir.). Paris: Club Fran\u00e7ais du Livre, 1967-1971, vol.\u00a0XVIII, pp. 13-80.<\/p>\n<p>&nbsp;<\/p>\n<p>Georgel, Pierre; et al. <em>La gloire de Victor Hugo<\/em>. Paris: R\u00e9union des Mus\u00e9es Nationaux, 1985. [Cat.\u00a0Exp. 1985 Grand Palais].<\/p>\n<p><span style=\"line-height: 1.5em;\">Georgel, Pierre. \u00abLa vision en silhouette\u00bb. Dans: L\u2019Arc. Paris: 1974, n\u00ba 57, pp. 24-32.<\/span><\/p>\n<p>&nbsp;<\/p>\n<p>Georgel, Pierre. \u00abLes avatars du \u201cpeintre malgr\u00e9 lui\u201d\u00bb. Dans: Georgel, Pierre; et al. <em>La gloire de\u00a0Victor Hugo<\/em>. Paris: R\u00e9union des Mus\u00e9es Nationaux, 1985, pp. 483-495.<\/p>\n<p><span style=\"line-height: 1.5em;\">Georgel Pierre, <\/span><em style=\"line-height: 1.5em;\">Les dessins de Victor Hugo pour<\/em><span style=\"line-height: 1.5em;\"> Les Travailleurs de la mer, Paris, Herscher, 1985.<\/span><\/p>\n<p>Georgel Pierre, <em>Victor Hugo : Dessins<\/em>, Paris, Gallimard, coll. D\u00e9couvertes Hors s\u00e9rie \u00bb, 2002.<\/p>\n<p>Georgel, Pierre. \u00abLe romantisme des ann\u00e9es 1860. Correspondance Victor Hugo &#8211; Philippe Burty\u00bb.\u00a0Dans: Revue de l\u2019Art. Paris, 1973, n\u00ba 20, pp. 8-64.<\/p>\n<p>Georgel, Pierre. \u00abLes dessins de Victor Hugo dans les colletions publiques fran\u00e7aises\u00bb. Dans : La\u00a0Revue du Louvre et des Mus\u00e9es de France. Paris: 1971, n\u00ba 4-5, pp. 251-268.<\/p>\n<p>Georgel, Pierre. \u00abLes dessins de voyage de Victor Hugo\u00bb. Dans : <em>Victor Hugo. \u0152uvres compl\u00e8tes<\/em>.\u00a0Jean Massin (dir.). Paris: Club fran\u00e7ais du livre, 1967, vol. V, pp. 1-20.<\/p>\n<p>Georgel, Pierre. \u00abLes sources de quelques dessins de Victor Hugo\u00bb. Dans : Bulletin de la Societ\u00e9 de\u00a0l\u2019Histoire de l\u2019Art Fran\u00e7ais. Paris, 1971, pp. 281-295.<\/p>\n<p>Georgel, Pierre. \u00abPour l\u2019intimit\u00e9\u00bb. Dans: Usages de l\u2019Image au XIXe Si\u00e8cle. Paris: Cr\u00e9aphis, 1992,\u00a0pp. 184-203.<\/p>\n<p>Georgel, Pierre ; Lebel, Jean-Jacques ; Pr\u00e9vost, Marie-Laure ; et al. <em>Victor Hugo peintre<\/em>. Mil\u00e1n :\u00a0Mazzota, 1993. [Cat. Exp. 1993 Venice].<\/p>\n<p>Georgel, Pierre; Pr\u00e9vost, Marie-Laure; Rodari, Florian; Sante, Luc. <em>Shadows of a hand. The\u00a0drawings of Victor Hugo<\/em>. Londres: Merrell Holberton Publishers, 1998 (1.\u00aa ed.). [cat. Exp. 1998,\u00a0New York].<\/p>\n<p>Gleizes, Delphine;<em> Le texte et ses images : histoire des Travailleurs de la mer<\/em>, th\u00e8se de doctorat,\u00a0Paris, Universit\u00e9 Paris VII, 1999.<\/p>\n<p>Gleizes, Delphine; \u201cGen\u00e8se de formes. Textes et dessins autour des Travailleurs de la mer\u201d. Dans :\u00a0J.A. Hiddleston, <em>Victor Hugo, romancier de l&rsquo;ab\u00eeme<\/em>, Oxford, Legenda, 2002.<\/p>\n<p>Gleizes, Delphine; \u00ab Gen\u00e8ses et interf\u00e9rences artistiques dans Les Travailleurs de la mer \u00bb. Groupe\u00a0Hugo, Septembre 1996: <a href=\"http:\/\/groupugo.div.jussieu.fr\/Groupugo\/96-09-21gleizes.htm\" target=\"_blank\">http:\/\/groupugo.div.jussieu.fr\/Groupugo\/96-09-21gleizes.htm<\/a>.<\/p>\n<p>Grossiord, Sophie. <em>Hauteville House<\/em>, guide g\u00e9n\u00e9ral. Paris: Paris-Mus\u00e9es, 1994.<\/p>\n<p>Grossiord, Sophie. <em>Victor Hugo \u00abEt s\u2019il n\u2019en reste qu\u2019un&#8230;<\/em>\u00a0Paris: Gallimard \/ Paris-Mus\u00e9es, 1998.\u00a0(D\u00e9couvertes Gallimard).<\/p>\n<p>Grossiord, Sophie; et al. <em>Maison de Victor Hugo. Dessins de Victor Hugo<\/em>. Paris: Paris-Mus\u00e9es,\u00a01985. [Cat. sommaire de la MVH].<\/p>\n<p>Guillemin, Henri. <em>Hugo<\/em>. Paris: \u00c9ditions du Seuil, 1994.<\/p>\n<p>Hugo, Ad\u00e8le. <em>Victor Hugo racont\u00e9 par un t\u00e9moin de sa vie<\/em>. Paris: Lacroix, 1863, 2 vol.<\/p>\n<p>Hugo, Victor. Cromwell (1827). Paris: Garnier \/ Flammarion, 1968.<\/p>\n<p>Hugo, Victor. <em>\u0152uvres compl\u00e8tes<\/em>, volumes de Correspondance. Paris: Albin Michel, 4 vol., 1947-1952.<\/p>\n<p>Hugo, Victor. <em>\u0152uvres compl\u00e8tes<\/em>. Jean Massin (dir.). Paris: Club Fran\u00e7ais du Livre, 1967-1971,\u00a0XVIII vol.<\/p>\n<p>Hugo, Victor. <em>\u0152uvre graphique<\/em>. Grynberg, Bernadette; Massin, Jean (dir.). Paris: Club Fran\u00e7ais du\u00a0Livre, 1967-1969. Vol. XVII et XVIII des <em>\u0152uvres compl\u00e8tes<\/em>. [Edition chronologique publi\u00e9 sous la\u00a0direction de Jean Massin].<\/p>\n<p>Hugo, Victor. <em>William Shakespeare<\/em> (1864). Paris: Flammarion, 1973, (Nouvelle Biblioth\u00e8que\u00a0Romantique).<\/p>\n<p>Journet, Ren\u00e9; Robert, Guy. <em>Victor Hugo. Carnet, mars-avril 1856<\/em> (BN naf 13447). Paris: Les\u00a0Belles Lettres, 1959.<\/p>\n<p>Journet, Ren\u00e9; Robert, Guy. <em>Victor Hugo. Trois albums. BN naf 13.351, 13.355, 24. 807<\/em>. Paris: Les\u00a0Belles Lettres, 1963.<\/p>\n<p>Lafargue, Jacqueline. <em>Victor Hugo, dessins et lavis<\/em>. Paris: Hervas, 1983.<\/p>\n<p>Le Brun Annie, <em>Les arc-en-ciel du noir : Victor Hugo<\/em>, Paris, Gallimard, coll. \u00ab Art et artistes \u00bb, 2012, 141 pages.<\/p>\n<p>Lebel Jean-Jacques &amp; Pr\u00e9vost Marie-Laure (commissaires), <em>Du chaos dans le pinceau<\/em>, Paris-Mus\u00e9es, 2000, 419 pages.<\/p>\n<p><em>Les Travailleurs de la mer<\/em>, \u00e9dition originale, mise en vente le 16 mars 1831 par Gosselin, 2 volumes, in-8\u00b0.<\/p>\n<p><em>Les Travailleurs de la mer<\/em>, \u00e9dition de l\u2019imprimerie nationale, romans, II, Ollendorf, grand in-8\u00b0, 1904.<\/p>\n<p><em>Les Travailleurs de la mer<\/em>, \u00e9ditions \u00ab Bouquins \u00bb, in\u00a0<em>\u0152uvres compl\u00e8tes, sous la direction de<\/em>\u00a0Jacques Seebacher\u00a0<em>assist\u00e9 de<\/em>\u00a0Guy Rosa.\u00a0<em>ROMAN III. [1] Pr\u00e9sentation par Yves Gohin. [2] L&rsquo;Archipel de la Manche, notice et notes de Yves Gohin. [3] Les Travailleurs de la mer, notice et notes de Yves Gohin<\/em>, Paris : Robert Laffont, \u00ab Bouquins \u00bb, 1985.<\/p>\n<p><em>Les travailleurs de la mer<\/em>, textes \u00e9tablis, pr\u00e9sent\u00e9s et annot\u00e9s par Yves Gohin, Paris, Gallimard, \u00ab Biblioth\u00e8que de la Pl\u00e9iade \u00bb, 1975, remis \u00e0 jour en 1992.<\/p>\n<p><em>Les travailleurs de la mer<\/em>, Le Livre de poche, \u00e9dition David Charles, 2002.<\/p>\n<p>Millet, Claude. \u00ab L&rsquo;amour dans Les Travailleurs de la mer \u00bb (Groupe Hugo 17 juin 2000) : <a href=\"http:\/\/groupugo.div.jussieu.fr\/Groupugo\/00-06-17Millet.htm\" target=\"_blank\">http:\/\/groupugo.div.jussieu.fr\/Groupugo\/00-06-17Millet.htm<\/a><\/p>\n<p>Molinari Dani\u00e8le, Victor Hugo : <em>visions graphiques<\/em>, Paris-Mus\u00e9es, 2010, coll. Petites capitales \u00bb, 71 pages.<\/p>\n<p>Montier Jean-Pierre, \u00ab Le \u201cfinale\u201d des <em>Travailleurs de la mer<\/em> : horizon et limite du texte romanesque \u00bb, <em>Litt\u00e9rature<\/em>, n\u00b0 135, Paris, Larousse,septembre 2004, p. 3-23.<\/p>\n<p>Montier Jean-Pierre, \u00ab Texte et dessins dans <em>Les Travailleurs de la mer<\/em> \u00bb, <em>French Studies<\/em>, Oxford, n\u00b0 LX1, janvier 2006, p. 15-31.<\/p>\n<p>Montier Jean-Pierre, <em>Deux voyages amoureux de Victor Hugo<\/em>, Rennes, \u00c9dilarge, collection \u00ab Lettres de\u2026 \u00bb, avril 2009, 72 pages.<\/p>\n<p>Picon, Ga\u00ebtan. \u00abLe soleil d\u2019encre\u00bb. Dans: Cornaille, Roger; Herscher, Georges; Picon, Ga\u00ebtan.\u00a0<em>Victor Hugo dessinateur<\/em>. Paris: Ed. du Minotaure, 1963, pp. 9-26.<\/p>\n<p>Plan\u00e8s, Eug\u00e8ne. <em>Catalogue de la Maison de Victor Hugo<\/em>. Paris: 1907.<\/p>\n<p>Pr\u00e9vost Marie-Laure, <em>Victor Hugo, l\u2019homme oc\u00e9an<\/em>, Paris, BnF, 2002, 367 pages.<\/p>\n<p>Seghers, P. <em>Victor Hugo visionnaire<\/em>. Paris: R. Laffont, 1983.<\/p>\n<p>Sergent, Jean. <em>Dessins de Victor Hugo<\/em>. Gen\u00e8ve: La Palatine, 1955.<\/p>\n<p>Sergent, Jean. <em>Maison de Victor Hugo. Catalogue<\/em>. Paris: MVH, 1934, 1934 (Adenda: acquisitions\u00a0posterieures \u00e0 1934), 1957 (2\u00aa ed.).<\/p>\n<p>Simon, Gustave. <em>Visite \u00e0 la Maison de Victor Hugo<\/em>. Paris: Ollendorff, 1904.<\/p>\n<p>T\u00e9bar Avila Victoria, <em>Concepcion technica en los dibujos de paisaje de Victor Hugo<\/em>, Facultat de Belles Arts, Barcelona, 2001.<\/p>\n","protected":false},"excerpt":{"rendered":"<p>Album Chenay. Dessins de Victor Hugo grav\u00e9s par Paul Chenay. [Texte de Th\u00e9ophile Gautier]\u00a0Paris: Castel, 1863. Album M\u00e9aulle. Dessins de Victor Hugo. Les travailleurs de la mer. [Les dessins de Victor Hugo\u00a0grav\u00e9s par F. M\u00e9aulle]. Paris: Atelier de reproductions artistiques, 1882. Blondel, Madeleine; Georgel, Pierre. (rec). Victor Hugo et les images. Colloque (1984: Dijon).\u00a0Dijon: Aux [&hellip;]<\/p>\n","protected":false},"author":2,"featured_media":0,"parent":0,"menu_order":0,"comment_status":"open","ping_status":"open","template":"","meta":{"_acf_changed":false,"jetpack_post_was_ever_published":false,"footnotes":""},"class_list":["post-476","page","type-page","status-publish","hentry"],"acf":[],"yoast_head":"<!-- This site is optimized with the Yoast SEO plugin v26.0 - https:\/\/yoast.com\/wordpress\/plugins\/seo\/ -->\n<title>En savoir + - Toujours en ramenant la plume<\/title>\n<meta name=\"robots\" content=\"index, follow, max-snippet:-1, max-image-preview:large, max-video-preview:-1\" \/>\n<link rel=\"canonical\" href=\"http:\/\/www.ressources.univ-rennes2.fr\/toujours-en-ramenant-la-plume\/en-savoir\/\" \/>\n<meta property=\"og:locale\" content=\"fr_FR\" \/>\n<meta property=\"og:type\" content=\"article\" \/>\n<meta property=\"og:title\" content=\"En savoir + - Toujours en ramenant la plume\" \/>\n<meta property=\"og:description\" content=\"Album Chenay. Dessins de Victor Hugo grav\u00e9s par Paul Chenay. [Texte de Th\u00e9ophile Gautier]\u00a0Paris: Castel, 1863. Album M\u00e9aulle. Dessins de Victor Hugo. Les travailleurs de la mer. [Les dessins de Victor Hugo\u00a0grav\u00e9s par F. M\u00e9aulle]. Paris: Atelier de reproductions artistiques, 1882. Blondel, Madeleine; Georgel, Pierre. (rec). Victor Hugo et les images. Colloque (1984: Dijon).\u00a0Dijon: Aux [&hellip;]\" \/>\n<meta property=\"og:url\" content=\"http:\/\/www.ressources.univ-rennes2.fr\/toujours-en-ramenant-la-plume\/en-savoir\/\" \/>\n<meta property=\"og:site_name\" content=\"Toujours en ramenant la plume\" \/>\n<meta property=\"article:modified_time\" content=\"2015-06-19T12:53:28+00:00\" \/>\n<meta name=\"twitter:label1\" content=\"Dur\u00e9e de lecture estim\u00e9e\" \/>\n\t<meta name=\"twitter:data1\" content=\"6 minutes\" \/>\n<script type=\"application\/ld+json\" class=\"yoast-schema-graph\">{\"@context\":\"https:\/\/schema.org\",\"@graph\":[{\"@type\":\"WebPage\",\"@id\":\"http:\/\/www.ressources.univ-rennes2.fr\/toujours-en-ramenant-la-plume\/en-savoir\/\",\"url\":\"http:\/\/www.ressources.univ-rennes2.fr\/toujours-en-ramenant-la-plume\/en-savoir\/\",\"name\":\"En savoir + - Toujours en ramenant la plume\",\"isPartOf\":{\"@id\":\"http:\/\/www.ressources.univ-rennes2.fr\/toujours-en-ramenant-la-plume\/#website\"},\"datePublished\":\"2014-04-09T12:43:37+00:00\",\"dateModified\":\"2015-06-19T12:53:28+00:00\",\"breadcrumb\":{\"@id\":\"http:\/\/www.ressources.univ-rennes2.fr\/toujours-en-ramenant-la-plume\/en-savoir\/#breadcrumb\"},\"inLanguage\":\"fr-FR\",\"potentialAction\":[{\"@type\":\"ReadAction\",\"target\":[\"http:\/\/www.ressources.univ-rennes2.fr\/toujours-en-ramenant-la-plume\/en-savoir\/\"]}]},{\"@type\":\"BreadcrumbList\",\"@id\":\"http:\/\/www.ressources.univ-rennes2.fr\/toujours-en-ramenant-la-plume\/en-savoir\/#breadcrumb\",\"itemListElement\":[{\"@type\":\"ListItem\",\"position\":1,\"name\":\"Home\",\"item\":\"http:\/\/www.ressources.univ-rennes2.fr\/toujours-en-ramenant-la-plume\/\"},{\"@type\":\"ListItem\",\"position\":2,\"name\":\"En savoir +\"}]},{\"@type\":\"WebSite\",\"@id\":\"http:\/\/www.ressources.univ-rennes2.fr\/toujours-en-ramenant-la-plume\/#website\",\"url\":\"http:\/\/www.ressources.univ-rennes2.fr\/toujours-en-ramenant-la-plume\/\",\"name\":\"Toujours en ramenant la plume\",\"description\":\"Les travailleurs de la mer\",\"potentialAction\":[{\"@type\":\"SearchAction\",\"target\":{\"@type\":\"EntryPoint\",\"urlTemplate\":\"http:\/\/www.ressources.univ-rennes2.fr\/toujours-en-ramenant-la-plume\/?s={search_term_string}\"},\"query-input\":{\"@type\":\"PropertyValueSpecification\",\"valueRequired\":true,\"valueName\":\"search_term_string\"}}],\"inLanguage\":\"fr-FR\"}]}<\/script>\n<!-- \/ Yoast SEO plugin. -->","yoast_head_json":{"title":"En savoir + - Toujours en ramenant la plume","robots":{"index":"index","follow":"follow","max-snippet":"max-snippet:-1","max-image-preview":"max-image-preview:large","max-video-preview":"max-video-preview:-1"},"canonical":"http:\/\/www.ressources.univ-rennes2.fr\/toujours-en-ramenant-la-plume\/en-savoir\/","og_locale":"fr_FR","og_type":"article","og_title":"En savoir + - Toujours en ramenant la plume","og_description":"Album Chenay. Dessins de Victor Hugo grav\u00e9s par Paul Chenay. [Texte de Th\u00e9ophile Gautier]\u00a0Paris: Castel, 1863. Album M\u00e9aulle. Dessins de Victor Hugo. Les travailleurs de la mer. [Les dessins de Victor Hugo\u00a0grav\u00e9s par F. M\u00e9aulle]. Paris: Atelier de reproductions artistiques, 1882. Blondel, Madeleine; Georgel, Pierre. (rec). Victor Hugo et les images. Colloque (1984: Dijon).\u00a0Dijon: Aux [&hellip;]","og_url":"http:\/\/www.ressources.univ-rennes2.fr\/toujours-en-ramenant-la-plume\/en-savoir\/","og_site_name":"Toujours en ramenant la plume","article_modified_time":"2015-06-19T12:53:28+00:00","twitter_misc":{"Dur\u00e9e de lecture estim\u00e9e":"6 minutes"},"schema":{"@context":"https:\/\/schema.org","@graph":[{"@type":"WebPage","@id":"http:\/\/www.ressources.univ-rennes2.fr\/toujours-en-ramenant-la-plume\/en-savoir\/","url":"http:\/\/www.ressources.univ-rennes2.fr\/toujours-en-ramenant-la-plume\/en-savoir\/","name":"En savoir + - Toujours en ramenant la plume","isPartOf":{"@id":"http:\/\/www.ressources.univ-rennes2.fr\/toujours-en-ramenant-la-plume\/#website"},"datePublished":"2014-04-09T12:43:37+00:00","dateModified":"2015-06-19T12:53:28+00:00","breadcrumb":{"@id":"http:\/\/www.ressources.univ-rennes2.fr\/toujours-en-ramenant-la-plume\/en-savoir\/#breadcrumb"},"inLanguage":"fr-FR","potentialAction":[{"@type":"ReadAction","target":["http:\/\/www.ressources.univ-rennes2.fr\/toujours-en-ramenant-la-plume\/en-savoir\/"]}]},{"@type":"BreadcrumbList","@id":"http:\/\/www.ressources.univ-rennes2.fr\/toujours-en-ramenant-la-plume\/en-savoir\/#breadcrumb","itemListElement":[{"@type":"ListItem","position":1,"name":"Home","item":"http:\/\/www.ressources.univ-rennes2.fr\/toujours-en-ramenant-la-plume\/"},{"@type":"ListItem","position":2,"name":"En savoir +"}]},{"@type":"WebSite","@id":"http:\/\/www.ressources.univ-rennes2.fr\/toujours-en-ramenant-la-plume\/#website","url":"http:\/\/www.ressources.univ-rennes2.fr\/toujours-en-ramenant-la-plume\/","name":"Toujours en ramenant la plume","description":"Les travailleurs de la mer","potentialAction":[{"@type":"SearchAction","target":{"@type":"EntryPoint","urlTemplate":"http:\/\/www.ressources.univ-rennes2.fr\/toujours-en-ramenant-la-plume\/?s={search_term_string}"},"query-input":{"@type":"PropertyValueSpecification","valueRequired":true,"valueName":"search_term_string"}}],"inLanguage":"fr-FR"}]}},"jetpack_sharing_enabled":true,"jetpack_shortlink":"https:\/\/wp.me\/P4A7En-7G","_links":{"self":[{"href":"http:\/\/www.ressources.univ-rennes2.fr\/toujours-en-ramenant-la-plume\/wp-json\/wp\/v2\/pages\/476","targetHints":{"allow":["GET"]}}],"collection":[{"href":"http:\/\/www.ressources.univ-rennes2.fr\/toujours-en-ramenant-la-plume\/wp-json\/wp\/v2\/pages"}],"about":[{"href":"http:\/\/www.ressources.univ-rennes2.fr\/toujours-en-ramenant-la-plume\/wp-json\/wp\/v2\/types\/page"}],"author":[{"embeddable":true,"href":"http:\/\/www.ressources.univ-rennes2.fr\/toujours-en-ramenant-la-plume\/wp-json\/wp\/v2\/users\/2"}],"replies":[{"embeddable":true,"href":"http:\/\/www.ressources.univ-rennes2.fr\/toujours-en-ramenant-la-plume\/wp-json\/wp\/v2\/comments?post=476"}],"version-history":[{"count":7,"href":"http:\/\/www.ressources.univ-rennes2.fr\/toujours-en-ramenant-la-plume\/wp-json\/wp\/v2\/pages\/476\/revisions"}],"predecessor-version":[{"id":886,"href":"http:\/\/www.ressources.univ-rennes2.fr\/toujours-en-ramenant-la-plume\/wp-json\/wp\/v2\/pages\/476\/revisions\/886"}],"wp:attachment":[{"href":"http:\/\/www.ressources.univ-rennes2.fr\/toujours-en-ramenant-la-plume\/wp-json\/wp\/v2\/media?parent=476"}],"curies":[{"name":"wp","href":"https:\/\/api.w.org\/{rel}","templated":true}]}}